{"id":1015,"date":"2023-12-04T10:36:22","date_gmt":"2023-12-04T09:36:22","guid":{"rendered":"http:\/\/lfdidf.fr\/?page_id=1015"},"modified":"2024-06-03T15:06:43","modified_gmt":"2024-06-03T13:06:43","slug":"open-2023-2024","status":"publish","type":"page","link":"https:\/\/lfdidf.fr\/index.php\/resultats\/ultimate\/ulti-2023-2024\/open-2023-2024\/","title":{"rendered":"Open 2023-2024"},"content":{"rendered":"\n<h2 class=\"wp-block-heading\">Indoor<\/h2>\n\n\n\n<p><a href=\"http:\/\/lfdidf.fr\/index.php\/table\/championnat-regional-elite-indoor-open-2023-2024\/\">R\u00e9gional 1<\/a><\/p>\n\n\n\n<p><a href=\"http:\/\/lfdidf.fr\/index.php\/table\/championnat-regional-2-indoor-open-2023-2024\/\">R\u00e9gional 2<\/a><\/p>\n\n\n\n<p><a href=\"http:\/\/lfdidf.fr\/index.php\/table\/championnat-regional-3-indoor-open-2023-2024\/\">R\u00e9gional 3<\/a><\/p>\n\n\n\n<h2 class=\"wp-block-heading\">Outdoor<\/h2>\n\n\n\n<p><a href=\"http:\/\/lfdidf.fr\/index.php\/table\/championnat-regional-outdoor-open-2023-2024-aller\/\">R\u00e9gional Aller<\/a><\/p>\n\n\n\n<p><a href=\"http:\/\/lfdidf.fr\/index.php\/table\/championnat-regional-open-outdoor-phase-retour-2023-2024\/\">R\u00e9gional Retour<\/a><\/p>\n\n\n\n<p><a href=\"http:\/\/lfdidf.fr\/index.php\/table\/championnat-regional-open-outdoor-phase-retour-2023-2024\/\">Classement<\/a><\/p>\n","protected":false},"excerpt":{"rendered":"<p>Indoor R\u00e9gional 1 R\u00e9gional 2 R\u00e9gional 3 Outdoor R\u00e9gional Aller R\u00e9gional Retour Classement<\/p>\n","protected":false},"author":3,"featured_media":0,"parent":903,"menu_order":0,"comment_status":"closed","ping_status":"closed","template":"","meta":{"footnotes":""},"class_list":["post-1015","page","type-page","status-publish","hentry"],"_links":{"self":[{"href":"https:\/\/lfdidf.fr\/index.php\/wp-json\/wp\/v2\/pages\/1015","targetHints":{"allow":["GET"]}}],"collection":[{"href":"https:\/\/lfdidf.fr\/index.php\/wp-json\/wp\/v2\/pages"}],"about":[{"href":"https:\/\/lfdidf.fr\/index.php\/wp-json\/wp\/v2\/types\/page"}],"author":[{"embeddable":true,"href":"https:\/\/lfdidf.fr\/index.php\/wp-json\/wp\/v2\/users\/3"}],"replies":[{"embeddable":true,"href":"https:\/\/lfdidf.fr\/index.php\/wp-json\/wp\/v2\/comments?post=1015"}],"version-history":[{"count":7,"href":"https:\/\/lfdidf.fr\/index.php\/wp-json\/wp\/v2\/pages\/1015\/revisions"}],"predecessor-version":[{"id":1229,"href":"https:\/\/lfdidf.fr\/index.php\/wp-json\/wp\/v2\/pages\/1015\/revisions\/1229"}],"up":[{"embeddable":true,"href":"https:\/\/lfdidf.fr\/index.php\/wp-json\/wp\/v2\/pages\/903"}],"wp:attachment":[{"href":"https:\/\/lfdidf.fr\/index.php\/wp-json\/wp\/v2\/media?parent=1015"}],"curies":[{"name":"wp","href":"https:\/\/api.w.org\/{rel}","templated":true}]}}