{"id":1320,"date":"2024-10-14T10:29:08","date_gmt":"2024-10-14T08:29:08","guid":{"rendered":"https:\/\/lfdidf.fr\/?page_id=1320"},"modified":"2025-04-28T10:42:52","modified_gmt":"2025-04-28T08:42:52","slug":"juniors-2024-2025","status":"publish","type":"page","link":"https:\/\/lfdidf.fr\/index.php\/resultats\/ultimate\/ultimate-2024-2025\/juniors-2024-2025\/","title":{"rendered":"Juniors 2024-2025"},"content":{"rendered":"\n<h2 class=\"wp-block-heading\">Indoor<\/h2>\n\n\n\n<p><a href=\"https:\/\/lfdidf.fr\/index.php\/2024\/10\/14\/ultimate-coupe-ile-de-france-junior-indoor-mixte-u17-et-u20\/\">Coupe \u00cele-de-France Junior Indoor Mixte<\/a><\/p>\n\n\n\n<p><a href=\"https:\/\/lfdidf.fr\/index.php\/event\/ultimate-coupe-idf-junior-open-indoor-u13-u15-u17-u20\/\">Coupe \u00cele-de-France Junior Indoor Open<\/a><\/p>\n\n\n\n<h2 class=\"wp-block-heading\">Outdoor<\/h2>\n\n\n\n<p><a href=\"https:\/\/lfdidf.fr\/index.php\/event\/ultimate-coupe-idf-junior-mixte-u17-u20-outdoor\/\">Coupe \u00cele-de-France Junior Outdoor Mixte<\/a><\/p>\n\n\n\n<p><a href=\"https:\/\/lfdidf.fr\/index.php\/event\/ultimate-coupe-idf-junior-outdoor-open-u13-u15-u17-u20\/\">Coupe \u00cele-de-France Junior Outdoor Open<\/a><\/p>\n\n\n\n<p><\/p>\n","protected":false},"excerpt":{"rendered":"<p>Indoor Coupe \u00cele-de-France Junior Indoor Mixte Coupe \u00cele-de-France Junior Indoor Open Outdoor Coupe \u00cele-de-France Junior Outdoor Mixte Coupe \u00cele-de-France Junior Outdoor Open<\/p>\n","protected":false},"author":3,"featured_media":0,"parent":1315,"menu_order":0,"comment_status":"closed","ping_status":"closed","template":"","meta":{"footnotes":""},"class_list":["post-1320","page","type-page","status-publish","hentry"],"_links":{"self":[{"href":"https:\/\/lfdidf.fr\/index.php\/wp-json\/wp\/v2\/pages\/1320","targetHints":{"allow":["GET"]}}],"collection":[{"href":"https:\/\/lfdidf.fr\/index.php\/wp-json\/wp\/v2\/pages"}],"about":[{"href":"https:\/\/lfdidf.fr\/index.php\/wp-json\/wp\/v2\/types\/page"}],"author":[{"embeddable":true,"href":"https:\/\/lfdidf.fr\/index.php\/wp-json\/wp\/v2\/users\/3"}],"replies":[{"embeddable":true,"href":"https:\/\/lfdidf.fr\/index.php\/wp-json\/wp\/v2\/comments?post=1320"}],"version-history":[{"count":6,"href":"https:\/\/lfdidf.fr\/index.php\/wp-json\/wp\/v2\/pages\/1320\/revisions"}],"predecessor-version":[{"id":1633,"href":"https:\/\/lfdidf.fr\/index.php\/wp-json\/wp\/v2\/pages\/1320\/revisions\/1633"}],"up":[{"embeddable":true,"href":"https:\/\/lfdidf.fr\/index.php\/wp-json\/wp\/v2\/pages\/1315"}],"wp:attachment":[{"href":"https:\/\/lfdidf.fr\/index.php\/wp-json\/wp\/v2\/media?parent=1320"}],"curies":[{"name":"wp","href":"https:\/\/api.w.org\/{rel}","templated":true}]}}