{"id":1322,"date":"2024-10-14T10:30:53","date_gmt":"2024-10-14T08:30:53","guid":{"rendered":"https:\/\/lfdidf.fr\/?page_id=1322"},"modified":"2025-05-19T09:40:25","modified_gmt":"2025-05-19T07:40:25","slug":"open-2024-2025","status":"publish","type":"page","link":"https:\/\/lfdidf.fr\/index.php\/resultats\/ultimate\/ultimate-2024-2025\/open-2024-2025\/","title":{"rendered":"Open 2024-2025"},"content":{"rendered":"\n<h2 class=\"wp-block-heading\"><a href=\"https:\/\/lfdidf.fr\/index.php\/table\/championnat-regional-indoor-open-2024-2025\/\">Indoor<\/a><\/h2>\n\n\n\n<p>3 niveaux de championnat r\u00e9gional. 37 \u00e9quipes. 2 ligues impliqu\u00e9es.<\/p>\n\n\n\n<p><\/p>\n\n\n\n<h2 class=\"wp-block-heading\"><a href=\"https:\/\/lfdidf.fr\/index.php\/table\/championnat-regional-outdoor-open-2024-2025\/\">Outdoor<\/a><\/h2>\n\n\n\n<p>2 niveaux. 16 \u00e9quipes. 2 ligues impliqu\u00e9es<\/p>\n","protected":false},"excerpt":{"rendered":"<p>Indoor 3 niveaux de championnat r\u00e9gional. 37 \u00e9quipes. 2 ligues impliqu\u00e9es. Outdoor 2 niveaux. 16 \u00e9quipes. 2 ligues impliqu\u00e9es<\/p>\n","protected":false},"author":3,"featured_media":0,"parent":1315,"menu_order":0,"comment_status":"closed","ping_status":"closed","template":"","meta":{"footnotes":""},"class_list":["post-1322","page","type-page","status-publish","hentry"],"_links":{"self":[{"href":"https:\/\/lfdidf.fr\/index.php\/wp-json\/wp\/v2\/pages\/1322","targetHints":{"allow":["GET"]}}],"collection":[{"href":"https:\/\/lfdidf.fr\/index.php\/wp-json\/wp\/v2\/pages"}],"about":[{"href":"https:\/\/lfdidf.fr\/index.php\/wp-json\/wp\/v2\/types\/page"}],"author":[{"embeddable":true,"href":"https:\/\/lfdidf.fr\/index.php\/wp-json\/wp\/v2\/users\/3"}],"replies":[{"embeddable":true,"href":"https:\/\/lfdidf.fr\/index.php\/wp-json\/wp\/v2\/comments?post=1322"}],"version-history":[{"count":6,"href":"https:\/\/lfdidf.fr\/index.php\/wp-json\/wp\/v2\/pages\/1322\/revisions"}],"predecessor-version":[{"id":1649,"href":"https:\/\/lfdidf.fr\/index.php\/wp-json\/wp\/v2\/pages\/1322\/revisions\/1649"}],"up":[{"embeddable":true,"href":"https:\/\/lfdidf.fr\/index.php\/wp-json\/wp\/v2\/pages\/1315"}],"wp:attachment":[{"href":"https:\/\/lfdidf.fr\/index.php\/wp-json\/wp\/v2\/media?parent=1322"}],"curies":[{"name":"wp","href":"https:\/\/api.w.org\/{rel}","templated":true}]}}