{"id":1336,"date":"2024-10-14T10:48:03","date_gmt":"2024-10-14T08:48:03","guid":{"rendered":"https:\/\/lfdidf.fr\/?page_id=1336"},"modified":"2025-03-03T15:01:59","modified_gmt":"2025-03-03T14:01:59","slug":"dg-2024-2025","status":"publish","type":"page","link":"https:\/\/lfdidf.fr\/index.php\/resultats\/disc-golf\/dg-2024-2025\/","title":{"rendered":"DG 2024-2025"},"content":{"rendered":"\n<p><a href=\"https:\/\/lfdidf.fr\/index.php\/2024\/10\/21\/disc-golf-championnat-regional-ile-de-france\/\">Championnats R\u00e9gionaux \u00cele-de-France Individuels 2024-2025 RIDGC<\/a><\/p>\n\n\n\n<p><a href=\"https:\/\/discgolfmetrix.com\/3148171\">R\u00e9gional Tour #1<\/a><\/p>\n\n\n\n<p><a href=\"https:\/\/discgolfmetrix.com\/3148172\">R\u00e9gional Tour #2<\/a><\/p>\n\n\n\n<p><a href=\"https:\/\/discgolfmetrix.com\/3148174\">R\u00e9gional Tour #3<\/a><\/p>\n\n\n\n<p><a href=\"https:\/\/discgolfmetrix.com\/3152299\">R\u00e9gional Tour #4<\/a><\/p>\n\n\n\n<p><a href=\"https:\/\/discgolfmetrix.com\/3152301\">R\u00e9gional Tour #5<\/a><\/p>\n\n\n\n<p><\/p>\n\n\n\n<p><a href=\"https:\/\/discgolfmetrix.com\/3148167\">R\u00e9gional Tour Classement G\u00e9n\u00e9ral<\/a><\/p>\n","protected":false},"excerpt":{"rendered":"<p>Championnats R\u00e9gionaux \u00cele-de-France Individuels 2024-2025 RIDGC R\u00e9gional Tour #1 R\u00e9gional Tour #2 R\u00e9gional Tour #3 R\u00e9gional Tour #4 R\u00e9gional Tour #5 R\u00e9gional Tour Classement G\u00e9n\u00e9ral<\/p>\n","protected":false},"author":3,"featured_media":0,"parent":182,"menu_order":0,"comment_status":"closed","ping_status":"closed","template":"","meta":{"footnotes":""},"class_list":["post-1336","page","type-page","status-publish","hentry"],"_links":{"self":[{"href":"https:\/\/lfdidf.fr\/index.php\/wp-json\/wp\/v2\/pages\/1336","targetHints":{"allow":["GET"]}}],"collection":[{"href":"https:\/\/lfdidf.fr\/index.php\/wp-json\/wp\/v2\/pages"}],"about":[{"href":"https:\/\/lfdidf.fr\/index.php\/wp-json\/wp\/v2\/types\/page"}],"author":[{"embeddable":true,"href":"https:\/\/lfdidf.fr\/index.php\/wp-json\/wp\/v2\/users\/3"}],"replies":[{"embeddable":true,"href":"https:\/\/lfdidf.fr\/index.php\/wp-json\/wp\/v2\/comments?post=1336"}],"version-history":[{"count":7,"href":"https:\/\/lfdidf.fr\/index.php\/wp-json\/wp\/v2\/pages\/1336\/revisions"}],"predecessor-version":[{"id":1548,"href":"https:\/\/lfdidf.fr\/index.php\/wp-json\/wp\/v2\/pages\/1336\/revisions\/1548"}],"up":[{"embeddable":true,"href":"https:\/\/lfdidf.fr\/index.php\/wp-json\/wp\/v2\/pages\/182"}],"wp:attachment":[{"href":"https:\/\/lfdidf.fr\/index.php\/wp-json\/wp\/v2\/media?parent=1336"}],"curies":[{"name":"wp","href":"https:\/\/api.w.org\/{rel}","templated":true}]}}