{"id":1370,"date":"2024-10-21T15:25:09","date_gmt":"2024-10-21T13:25:09","guid":{"rendered":"https:\/\/lfdidf.fr\/?page_id=1370"},"modified":"2025-10-23T14:32:51","modified_gmt":"2025-10-23T12:32:51","slug":"formation","status":"publish","type":"page","link":"https:\/\/lfdidf.fr\/index.php\/formation\/","title":{"rendered":"Formations"},"content":{"rendered":"\n<p>Trouvez ici les informations concernant les formations que la ligue propose seule ou en collaboration.<\/p>\n\n\n\n<p>Toutes les informations utiles sur :<br><\/p>\n\n\n\n<p>&nbsp;<a href=\"https:\/\/docs.google.com\/document\/d\/1rGiVHLuxrtWqHMTUqe7uPxaZc4znSpL9oqebk9v2f5U\/edit\" target=\"_blank\" rel=\"noreferrer noopener\">Le document de synth\u00e8se des formations de la LFD IDF<\/a><\/p>\n\n\n\n<p>Au sommaire : Pr\u00e9-inscription, Dates, Tarifs, Contenus, Pr\u00e9-requis et \u00e9quivalences, Crit\u00e8res de s\u00e9lection, Proposer un lieu, Contacts<br><\/p>\n\n\n\n<p>Pour les personnes de vos clubs int\u00e9ress\u00e9es, elles devront remplir d\u00e8s que possible :<\/p>\n\n\n\n<p><a href=\"https:\/\/docs.google.com\/forms\/d\/e\/1FAIpQLScCHXnoAObuhoCKwSTOxhe4m1tEHQFeiWrGmom_31t9Ee1lgw\/viewform?usp=share_link&amp;ouid=114375457633505383501\" target=\"_blank\" rel=\"noreferrer noopener\">Le formulaire de pr\u00e9-inscription aux formations de la LFD IDF<\/a><br><\/p>\n\n\n\n<p>R\u00e9capitulatif des formations propos\u00e9es par la Ligue IDF cette saison :<\/p>\n\n\n\n<figure class=\"wp-block-table is-style-stripes\"><table><thead><tr><th>Date<\/th><th>Dipl\u00f4me<\/th><th>Nom du contact<\/th><th>Mail du contact<\/th><th>Tel. du contact<\/th><th>Formateur<\/th><th>Mail formateur<\/th><\/tr><\/thead><tbody><tr><td>20 d\u00e9cembre 2025<\/td><td>DFIU<\/td><td>Alexandre SIMONIN<\/td><td><a href=\"mailto:formation@lfdfidf.fr\">formation@lfdfidf.fr<\/a><\/td><td>06.88.78.78.46<\/td><td>Anne LEBORGNE<\/td><td><a href=\"mailto:nanoulb80@gmail.com\">nanoulb80@gmail.com<\/a><\/td><\/tr><tr><td>31\/01\/26 &amp; 1\/02\/26<\/td><td>DFEU2 1er w-e<\/td><td>Alexandre SIMONIN<\/td><td><a href=\"mailto:formation@lfdfidf.fr\">formation@lfdfidf.fr<\/a><\/td><td>06.88.78.78.46<\/td><td>Alexandre SIMONIN<\/td><td><a href=\"mailto:formation@lfdfidf.fr\">formation@lfdfidf.fr<\/a><\/td><\/tr><tr><td>21 &amp; 22 f\u00e9vrier 2026<\/td><td>Disc Golf<\/td><td>Alexandre SIMONIN<\/td><td><a href=\"mailto:formation@lfdfidf.fr\">formation@lfdfidf.fr<\/a><\/td><td>06.88.78.78.46<\/td><td>Mehdi BOUKARABILA<\/td><td><a href=\"mailto:mehdigino@gmail.com\">mehdigino@gmail.com<\/a><\/td><\/tr><tr><td>21 &amp; 22 mars 2026<\/td><td>DFEU1<\/td><td>Alexandre SIMONIN<\/td><td><a href=\"mailto:formation@lfdfidf.fr\">formation@lfdfidf.fr<\/a><\/td><td>06.88.78.78.46<\/td><td>Alexandre SIMONIN<\/td><td><a href=\"mailto:formation@lfdfidf.fr\">formation@lfdfidf.fr<\/a><\/td><\/tr><tr><td>6 &amp; 7 juin 2026<\/td><td>DFEU2 2e w-e<\/td><td>Alexandre SIMONIN<\/td><td><a href=\"mailto:formation@lfdfidf.fr\">formation@lfdfidf.fr<\/a><\/td><td>06.88.78.78.46<\/td><td>Alexandre SIMONIN<\/td><td><a href=\"mailto:formation@lfdfidf.fr\">formation@lfdfidf.fr<\/a><\/td><\/tr><\/tbody><\/table><\/figure>\n\n\n\n<p>Certains lieux et tarifs sont en cours de finalisation. Vos propositions de lieu pour la suite sont les bienvenues. Merci pour votre compr\u00e9hension.<br><\/p>\n\n\n\n<p>Disponible pour r\u00e9pondre aux \u00e9ventuelles questions dont nous ne trouveriez pas la r\u00e9ponse, de pr\u00e9f\u00e9rence par courriel : <a href=\"formation@lfdfidf.fr\">formation@lfdfidf.fr<\/a><\/p>\n","protected":false},"excerpt":{"rendered":"<p>Trouvez ici les informations concernant les formations que la ligue propose seule ou en collaboration. Toutes les informations utiles sur : &nbsp;Le document de synth\u00e8se des formations de la LFD IDF Au sommaire : Pr\u00e9-inscription, Dates, Tarifs, Contenus, Pr\u00e9-requis et \u00e9quivalences, Crit\u00e8res de s\u00e9lection, Proposer un lieu, Contacts Pour les personnes de vos clubs int\u00e9ress\u00e9es, [&hellip;]<\/p>\n","protected":false},"author":3,"featured_media":0,"parent":0,"menu_order":0,"comment_status":"closed","ping_status":"closed","template":"","meta":{"footnotes":""},"class_list":["post-1370","page","type-page","status-publish","hentry"],"_links":{"self":[{"href":"https:\/\/lfdidf.fr\/index.php\/wp-json\/wp\/v2\/pages\/1370","targetHints":{"allow":["GET"]}}],"collection":[{"href":"https:\/\/lfdidf.fr\/index.php\/wp-json\/wp\/v2\/pages"}],"about":[{"href":"https:\/\/lfdidf.fr\/index.php\/wp-json\/wp\/v2\/types\/page"}],"author":[{"embeddable":true,"href":"https:\/\/lfdidf.fr\/index.php\/wp-json\/wp\/v2\/users\/3"}],"replies":[{"embeddable":true,"href":"https:\/\/lfdidf.fr\/index.php\/wp-json\/wp\/v2\/comments?post=1370"}],"version-history":[{"count":5,"href":"https:\/\/lfdidf.fr\/index.php\/wp-json\/wp\/v2\/pages\/1370\/revisions"}],"predecessor-version":[{"id":1853,"href":"https:\/\/lfdidf.fr\/index.php\/wp-json\/wp\/v2\/pages\/1370\/revisions\/1853"}],"wp:attachment":[{"href":"https:\/\/lfdidf.fr\/index.php\/wp-json\/wp\/v2\/media?parent=1370"}],"curies":[{"name":"wp","href":"https:\/\/api.w.org\/{rel}","templated":true}]}}