{"id":1665,"date":"2025-06-19T11:30:31","date_gmt":"2025-06-19T09:30:31","guid":{"rendered":"https:\/\/lfdidf.fr\/?page_id=1665"},"modified":"2026-03-05T15:48:43","modified_gmt":"2026-03-05T14:48:43","slug":"calendrier","status":"publish","type":"page","link":"https:\/\/lfdidf.fr\/index.php\/calendrier\/","title":{"rendered":"Calendrier"},"content":{"rendered":"\n<h1 class=\"wp-block-heading has-text-align-center has-vivid-red-background-color has-background\">SAISON 2025-2026<\/h1>\n\n\n\n<h3 class=\"wp-block-heading has-text-align-center has-vivid-cyan-blue-background-color has-background\" id=\"ultimate\">ULTIMATE<\/h3>\n\n\n\n<h4 class=\"wp-block-heading has-text-align-center has-pale-cyan-blue-background-color has-background\">INDOOR<\/h4>\n\n\n\n<h4 class=\"wp-block-heading has-text-align-center has-background\" style=\"background-color:#eef9ff\"><a href=\"https:\/\/docs.google.com\/spreadsheets\/d\/1MnjYT_8k0n0tdb0hYlZiPq4Qq9ZVjZMdpcdemE7dxj0\/edit?usp=sharing\">Consulter les candidatures aux organisations et inscriptions des comp\u00e9titions juniors<\/a><\/h4>\n\n\n\n<h4 class=\"wp-block-heading has-text-align-center has-background\" style=\"background-color:#ffd4b5\"><a href=\"https:\/\/docs.google.com\/spreadsheets\/d\/11PxdnygDDL1tw0EaY7uspnnbegj-GpWr5kCXDd6fMKA\/edit?usp=sharing\">Consulter les inscriptions aux comp\u00e9titions seniors<\/a><\/h4>\n\n\n\n<figure class=\"wp-block-table is-style-stripes\"><table><thead><tr><th class=\"has-text-align-left\" data-align=\"left\">Date<\/th><th class=\"has-text-align-left\" data-align=\"left\">Comp\u00e9tition<\/th><th>Lieux<\/th><\/tr><\/thead><tbody><tr><td class=\"has-text-align-left\" data-align=\"left\">Dimanche 21 septembre 2025<\/td><td class=\"has-text-align-left\" data-align=\"left\">Date limite candidature orga coupes indoor U17 mixte et U20 mixte<\/td><td><\/td><\/tr><tr><td class=\"has-text-align-left\" data-align=\"left\">Dimanche 21 septembre 2025<\/td><td class=\"has-text-align-left\" data-align=\"left\">Date limite candidature orga coupes indoor open U13, U15, U17 et U20<\/td><td><\/td><\/tr><tr><td class=\"has-text-align-left\" data-align=\"left\">Dimanche 28 septembre 2025<\/td><td class=\"has-text-align-left\" data-align=\"left\">Date limite inscription \u00e9quipes coupes indoor U17 mixte et U20 mixte<\/td><td><\/td><\/tr><tr><td class=\"has-text-align-left\" data-align=\"left\">Dimanche 12 octobre 2025<\/td><td class=\"has-text-align-left\" data-align=\"left\"><a href=\"https:\/\/lfdidf.fr\/index.php\/event\/ultimate-coupe-regionale-junior-mixte-u17-u20-indoor\/\">Coupe IdF Junior Mixte U15\/U17\/U20<\/a><\/td><td>U15 et U17 Nemours | U20 St-Pierre-l\u00e8s-Nemours<\/td><\/tr><tr><td class=\"has-text-align-left\" data-align=\"left\">Dimanche 19 octobre 2025<\/td><td class=\"has-text-align-left\" data-align=\"left\">Date limite inscription \u00e9quipes coupes indoor open U13, U15, U17 et U20<\/td><td><\/td><\/tr><tr><td class=\"has-text-align-left\" data-align=\"left\">Dimanche 2 novembre 2025<\/td><td class=\"has-text-align-left\" data-align=\"left\">Date limite d&rsquo;inscription Championnat R\u00e9gional Open<\/td><td><\/td><\/tr><tr><td class=\"has-text-align-left\" data-align=\"left\">Dimanche 9 novembre 2025<\/td><td class=\"has-text-align-left\" data-align=\"left\">Date limite candidature Orga Championnat R\u00e9gional Open Phase Aller<\/td><td><\/td><\/tr><tr><td class=\"has-text-align-left\" data-align=\"left\">Dimanche 23 novembre 2025<\/td><td class=\"has-text-align-left\" data-align=\"left\"><a href=\"https:\/\/lfdidf.fr\/index.php\/event\/ultimate-coupe-junior-u13-u15-u17-u20-open-indoor\/\">Coupe IdF Junior Open<br>U13\/U15\/U17\/U20<\/a><\/td><td>U13 Luzarches<br>U15 Nemours<br>U17 La-Celle-St-Cloud<br>U20 St-Pierre-l\u00e8s-Nemours<\/td><\/tr><tr><td class=\"has-text-align-left\" data-align=\"left\">13 et 14 d\u00e9cembre 2025<\/td><td class=\"has-text-align-left\" data-align=\"left\"><a href=\"https:\/\/lfdidf.fr\/index.php\/event\/ultimate-championnats-regionaux-open-indoor-phase-aller\/\">Championnat R\u00e9gional Phase Aller<\/a><\/td><td>R1 : Evry et Valois<br>R2 : Nemours et Beauvais<br>R3 : Paris, Plaisir et ?<\/td><\/tr><tr><td class=\"has-text-align-left\" data-align=\"left\">Dimanche 4 janvier 2026<\/td><td class=\"has-text-align-left\" data-align=\"left\">Date limite candidature Orga Championnat R\u00e9gional Open Phase Retour<\/td><td><\/td><\/tr><tr><td class=\"has-text-align-left\" data-align=\"left\">14 et 15 f\u00e9vrier 2026<\/td><td class=\"has-text-align-left\" data-align=\"left\"><a href=\"https:\/\/lfdidf.fr\/index.php\/event\/ultimate-championnats-regionaux-open-indoor-phase-retour\/\">Championnat R\u00e9gional Phase Retour<\/a><\/td><td>R1 : Betz et Noisy<br>R2 : Paris et Cergy<br>R3 : Paris, St-Could et Montrouge<\/td><\/tr><\/tbody><\/table><\/figure>\n\n\n\n<h4 class=\"wp-block-heading has-text-align-center has-pale-cyan-blue-background-color has-background\">OUTDOOR<\/h4>\n\n\n\n<figure class=\"wp-block-table is-style-stripes\"><table><thead><tr><th class=\"has-text-align-right\" data-align=\"right\">Date<\/th><th class=\"has-text-align-left\" data-align=\"left\">Comp\u00e9tition<\/th><th>Lieux<\/th><\/tr><\/thead><tbody><tr><td class=\"has-text-align-right\" data-align=\"right\">Dimanche 14 septembre 2025<\/td><td class=\"has-text-align-left\" data-align=\"left\"><a href=\"https:\/\/lfdidf.fr\/index.php\/event\/ultimate-coupe-feminine-5vs5-outdoor-2\/\">Coupe F\u00e9minine 5vs5<\/a><\/td><td>Baillet-en-France<\/td><\/tr><tr><td class=\"has-text-align-right\" data-align=\"right\">Dimanche 21 septembre 2025<\/td><td class=\"has-text-align-left\" data-align=\"left\">Date limite candidature orga coupe U20 open outdoor<\/td><td><\/td><\/tr><tr><td class=\"has-text-align-right\" data-align=\"right\">Dimanche 28 septembre 2025<\/td><td class=\"has-text-align-left\" data-align=\"left\">Date limite inscription \u00e9quipes coupe U20 open outdoor<\/td><td><\/td><\/tr><tr><td class=\"has-text-align-right\" data-align=\"right\">Samedi 11 octobre 2025<\/td><td class=\"has-text-align-left\" data-align=\"left\"><a href=\"https:\/\/lfdidf.fr\/index.php\/event\/ultimate-coupe-junior-u20-open-outdoor\/\">Coupe U20 Open Outdoor<\/a><\/td><td>Vulaines-sur-Seine<\/td><\/tr><tr><td class=\"has-text-align-right\" data-align=\"right\">Dimanche 15 f\u00e9vrier 2026<\/td><td class=\"has-text-align-left\" data-align=\"left\">Date limite candidature orga coupe outdoor U17 mixte et U20 mixte<\/td><td><\/td><\/tr><tr><td class=\"has-text-align-right\" data-align=\"right\">Dimanche 22 f\u00e9vrier 2026<\/td><td class=\"has-text-align-left\" data-align=\"left\">Date limite inscription \u00e9quipes coupe outdoor U17 mixte et U20 mixte<\/td><td><\/td><\/tr><tr><td class=\"has-text-align-right\" data-align=\"right\">Dimanche 22 f\u00e9vrier 2026<\/td><td class=\"has-text-align-left\" data-align=\"left\">Date limite candidature orga coupes outdoor open U13, U15 et U17<\/td><td><\/td><\/tr><tr><td class=\"has-text-align-right\" data-align=\"right\">Dimanche 22 f\u00e9vrier 2026<\/td><td class=\"has-text-align-left\" data-align=\"left\">Date limite d&rsquo;inscription \u00e9quipes championnat r\u00e9gional open<\/td><td><\/td><\/tr><tr><td class=\"has-text-align-right\" data-align=\"right\">Dimanche 22 f\u00e9vrier 2026<\/td><td class=\"has-text-align-left\" data-align=\"left\">Date limite candidature orga championnat r\u00e9gional open phase Aller<\/td><td><\/td><\/tr><tr><td class=\"has-text-align-right\" data-align=\"right\">Dimanche 15 mars 2026<\/td><td class=\"has-text-align-left\" data-align=\"left\">Date limite inscription \u00e9quipes coupes outdoor open U13, U15 et U17<\/td><td><\/td><\/tr><tr><td class=\"has-text-align-right\" data-align=\"right\">Dimanche 22 mars 2026<\/td><td class=\"has-text-align-left\" data-align=\"left\"><a href=\"https:\/\/lfdidf.fr\/index.php\/event\/ultimate-coupe-ile-de-france-junior-mixte-u15-u17-u20-outdoor\/\">Coupe IdF Junior Mixte U15\/U17\/U20<\/a><\/td><td>U15 : Baillet-en-France<br>U17 : Vulaines-sur-Seine<br>U20 : Baillet-en-France<\/td><\/tr><tr><td class=\"has-text-align-right\" data-align=\"right\">11 et 12 avril 2026<\/td><td class=\"has-text-align-left\" data-align=\"left\"><a href=\"https:\/\/lfdidf.fr\/index.php\/event\/ultimate-championnats-regionaux-ile-de-france-open-outdoor-phase-aller\/\">Championnat R\u00e9gional Open Phase Aller<\/a><\/td><td>R1 : Baillet-en-France<br>R2 : ?<\/td><\/tr><tr><td class=\"has-text-align-right\" data-align=\"right\">Samedi 18 avril 2026<\/td><td class=\"has-text-align-left\" data-align=\"left\"><a href=\"https:\/\/lfdidf.fr\/index.php\/event\/ultimate-coupe-ile-de-france-junior-outdoor-open-u13-u15-u17\/\">Coupe IdF Junior Outdoor Open U11\/U13\/U15\/U17<\/a><\/td><td>?<\/td><\/tr><tr><td class=\"has-text-align-right\" data-align=\"right\">Dimanche 19 avril 2026<\/td><td class=\"has-text-align-left\" data-align=\"left\">Date limite candidature championnat r\u00e9gional open phase retour<\/td><td><\/td><\/tr><tr><td class=\"has-text-align-right\" data-align=\"right\">30 et 31 mai 2026<\/td><td class=\"has-text-align-left\" data-align=\"left\"><a href=\"https:\/\/lfdidf.fr\/index.php\/event\/ultimate-championnats-regionaux-ile-de-france-open-outdoor-phase-retour\/\">Championnat R\u00e9gional Phase Retour<\/a><\/td><td>?<\/td><\/tr><\/tbody><\/table><\/figure>\n\n\n\n<h4 class=\"wp-block-heading has-text-align-center has-pale-cyan-blue-background-color has-background\">STAGES ET FORMATIONS<\/h4>\n\n\n\n<figure class=\"wp-block-table is-style-stripes\"><table><thead><tr><th class=\"has-text-align-right\" data-align=\"right\">Date<\/th><th class=\"has-text-align-left\" data-align=\"left\">Ev\u00e9nement<\/th><th>Lieux<\/th><\/tr><\/thead><tbody><tr><td class=\"has-text-align-right\" data-align=\"right\">20 d\u00e9cembre 2025<\/td><td class=\"has-text-align-left\" data-align=\"left\"><a href=\"https:\/\/lfdidf.fr\/index.php\/event\/formation-dfiu\/\">DFIU<\/a><\/td><td>St-Prix<\/td><\/tr><tr><td class=\"has-text-align-right\" data-align=\"right\">31 janvier et 1er f\u00e9vrier 2026<\/td><td class=\"has-text-align-left\" data-align=\"left\"><a href=\"https:\/\/lfdidf.fr\/index.php\/event\/formation-dfeu2-1-2\/\"><s>DFEU2 &#8211; 1er w-e<\/s><\/a><\/td><td>ANNUL\u00c9<\/td><\/tr><tr><td class=\"has-text-align-right\" data-align=\"right\">21 et 22 mars 2026<\/td><td class=\"has-text-align-left\" data-align=\"left\"><a href=\"https:\/\/lfdidf.fr\/index.php\/event\/ultimate-formation-dfeu1-2\/\"><s>DFEU1<\/s><\/a><\/td><td>ANNUL\u00c9<\/td><\/tr><tr><td class=\"has-text-align-right\" data-align=\"right\">6 et 7 juin 2026<\/td><td class=\"has-text-align-left\" data-align=\"left\"><a href=\"https:\/\/lfdidf.fr\/index.php\/event\/formation-ultimate-dfeu2-2eme-w-e\/\"><s>DFEU2 &#8211; 2eme w-e<\/s><\/a><\/td><td>ANNUL\u00c9<\/td><\/tr><\/tbody><\/table><\/figure>\n\n\n\n<h3 class=\"wp-block-heading has-text-align-center has-vivid-green-cyan-background-color has-background\" id=\"discgolf\">DISC GOLF<\/h3>\n\n\n\n<h4 class=\"wp-block-heading has-text-align-center has-light-green-cyan-background-color has-background\">CHAMPIONNAT<\/h4>\n\n\n\n<figure class=\"wp-block-table is-style-stripes\"><table><thead><tr><th class=\"has-text-align-right\" data-align=\"right\">Date<\/th><th class=\"has-text-align-left\" data-align=\"left\">Comp\u00e9tition<\/th><th>Lieux<\/th><\/tr><\/thead><tbody><tr><td class=\"has-text-align-right\" data-align=\"right\">18 et 19 octobre 2025<\/td><td class=\"has-text-align-left\" data-align=\"left\"><a href=\"https:\/\/lfdidf.fr\/index.php\/event\/disc-golf-championnats-regionaux-ile-de-france\/\">Championnat R\u00e9gional Individuel<\/a><\/td><td>Nemours<\/td><\/tr><\/tbody><\/table><\/figure>\n\n\n\n<h4 class=\"wp-block-heading has-text-align-center has-light-green-cyan-background-color has-background\">COMPETITION NATIONALE<\/h4>\n\n\n\n<figure class=\"wp-block-table is-style-stripes\"><table><thead><tr><th class=\"has-text-align-right\" data-align=\"right\">Date<\/th><th class=\"has-text-align-left\" data-align=\"left\">Comp\u00e9tition<\/th><th>Lieux<\/th><\/tr><\/thead><tbody><tr><td class=\"has-text-align-right\" data-align=\"right\">4, 5 et 6 avril 2026<\/td><td class=\"has-text-align-left\" data-align=\"left\"><a href=\"https:\/\/discgolfmetrix.com\/3367286\">Championnats de France<\/a><\/td><td>Jablines<\/td><\/tr><tr><td class=\"has-text-align-right\" data-align=\"right\">23 et 24 mai 2026<\/td><td class=\"has-text-align-left\" data-align=\"left\"><a href=\"https:\/\/discgolfmetrix.com\/3530507\">Women&rsquo;s Global Event<\/a><\/td><td>Nemours<\/td><\/tr><\/tbody><\/table><\/figure>\n\n\n\n<h4 class=\"wp-block-heading has-text-align-center has-light-green-cyan-background-color has-background\"><a href=\"https:\/\/discgolfmetrix.com\/3373702\">REGIONAL TOUR<\/a><\/h4>\n\n\n\n<figure class=\"wp-block-table is-style-stripes\"><table><thead><tr><th class=\"has-text-align-right\" data-align=\"right\">Date<\/th><th class=\"has-text-align-left\" data-align=\"left\">Comp\u00e9tition<\/th><th>Lieux<\/th><\/tr><\/thead><tbody><tr><td class=\"has-text-align-right\" data-align=\"right\">16 novembre 2025<\/td><td class=\"has-text-align-left\" data-align=\"left\"><a href=\"https:\/\/discgolfmetrix.com\/3373707\">R\u00e9gional Tour #1<\/a><\/td><td>Bussy-St-Georges (77)<\/td><\/tr><tr><td class=\"has-text-align-right\" data-align=\"right\">7 d\u00e9cembre 2025<\/td><td class=\"has-text-align-left\" data-align=\"left\"><a href=\"https:\/\/discgolfmetrix.com\/3373709\">R\u00e9gional Tour #2<\/a><\/td><td>Nemours (77)<\/td><\/tr><tr><td class=\"has-text-align-right\" data-align=\"right\">18 janvier 2026<\/td><td class=\"has-text-align-left\" data-align=\"left\"><a href=\"https:\/\/discgolfmetrix.com\/3373710\">R\u00e9gional Tour #3<\/a><\/td><td>Sevran (93)<\/td><\/tr><tr><td class=\"has-text-align-right\" data-align=\"right\">8 f\u00e9vrier 2026<\/td><td class=\"has-text-align-left\" data-align=\"left\"><a href=\"https:\/\/discgolfmetrix.com\/3373714\">R\u00e9gional Tour #4<\/a><\/td><td>Jablines (77)<\/td><\/tr><tr><td class=\"has-text-align-right\" data-align=\"right\">1 mars 2026<\/td><td class=\"has-text-align-left\" data-align=\"left\"><a href=\"https:\/\/discgolfmetrix.com\/3373716\">R\u00e9gional Tour #5<\/a><\/td><td>Choisy-le-Roi (94)<\/td><\/tr><tr><td class=\"has-text-align-right\" data-align=\"right\">29 mars 2025<\/td><td class=\"has-text-align-left\" data-align=\"left\"><a href=\"https:\/\/discgolfmetrix.com\/3373717\">R\u00e9gional Tour #6<\/a><\/td><td>Jablines (77)<\/td><\/tr><\/tbody><\/table><\/figure>\n\n\n\n<h4 class=\"wp-block-heading has-text-align-center has-light-green-cyan-background-color has-background\">STAGES ET FORMATIONS<\/h4>\n\n\n\n<figure class=\"wp-block-table is-style-stripes\"><table class=\"has-fixed-layout\"><thead><tr><th class=\"has-text-align-right\" data-align=\"right\">Date<\/th><th class=\"has-text-align-left\" data-align=\"left\">Ev\u00e9nement<\/th><th>Lieux<\/th><\/tr><\/thead><tbody><tr><td class=\"has-text-align-right\" data-align=\"right\">18 et 19 avril 2026<\/td><td class=\"has-text-align-left\" data-align=\"left\"><a href=\"https:\/\/lfdidf.fr\/index.php\/event\/disc-golf-stage-perfectionnement\/\">Stage de perfectionnement<\/a><\/td><td>Nemours<\/td><\/tr><\/tbody><\/table><\/figure>\n\n\n\n<h3 class=\"wp-block-heading has-text-align-center has-luminous-vivid-orange-background-color has-background\">LIGUE<\/h3>\n\n\n\n<figure class=\"wp-block-table is-style-stripes\"><table><tbody><tr><td class=\"has-text-align-right\" data-align=\"right\">5 septembre 2025<\/td><td class=\"has-text-align-left\" data-align=\"left\">Assembl\u00e9e G\u00e9n\u00e9rale<\/td><\/tr><tr><td class=\"has-text-align-right\" data-align=\"right\">23 septembre 2025<\/td><td class=\"has-text-align-left\" data-align=\"left\">Comit\u00e9 Directeur<\/td><\/tr><tr><td class=\"has-text-align-right\" data-align=\"right\">2 d\u00e9cembre 2025<\/td><td class=\"has-text-align-left\" data-align=\"left\">Comit\u00e9 Directeur<\/td><\/tr><tr><td class=\"has-text-align-right\" data-align=\"right\">24 f\u00e9vrier 2026<\/td><td class=\"has-text-align-left\" data-align=\"left\">Comit\u00e9 Directeur<\/td><\/tr><tr><td class=\"has-text-align-right\" data-align=\"right\">7 avril 2026<\/td><td class=\"has-text-align-left\" data-align=\"left\">Comit\u00e9 Directeur<\/td><\/tr><tr><td class=\"has-text-align-right\" data-align=\"right\">9 juin 2026<\/td><td class=\"has-text-align-left\" data-align=\"left\">Comit\u00e9 Directeur<\/td><\/tr><\/tbody><\/table><\/figure>\n\n\n\n<p><\/p>\n\n\n\n<iframe loading=\"lazy\" src=\"https:\/\/calendar.google.com\/calendar\/embed?height=600&#038;wkst=2&#038;ctz=Europe%2FParis&#038;showPrint=0&#038;src=bGZkaWRmQGdtYWlsLmNvbQ&#038;src=ZXRoaWV1YXBodmwzMWloNmgyMXNrM3NkODBAZ3JvdXAuY2FsZW5kYXIuZ29vZ2xlLmNvbQ&#038;src=dTgybmlkMHA4c21qNTNncjQwbnNzZnFqZ2tAZ3JvdXAuY2FsZW5kYXIuZ29vZ2xlLmNvbQ&#038;color=%238e24aa&#038;color=%233f51b5&#038;color=%237cb342\" style=\"border:solid 1px #777\" width=\"800\" height=\"600\" frameborder=\"0\" scrolling=\"no\"><\/iframe>\n\n\n\n<p><\/p>\n","protected":false},"excerpt":{"rendered":"<p>SAISON 2025-2026 ULTIMATE INDOOR Consulter les candidatures aux organisations et inscriptions des comp\u00e9titions juniors Consulter les inscriptions aux comp\u00e9titions seniors Date Comp\u00e9tition Lieux Dimanche 21 septembre 2025 Date limite candidature orga coupes indoor U17 mixte et U20 mixte Dimanche 21 septembre 2025 Date limite candidature orga coupes indoor open U13, U15, U17 et U20 Dimanche [&hellip;]<\/p>\n","protected":false},"author":3,"featured_media":0,"parent":0,"menu_order":0,"comment_status":"closed","ping_status":"closed","template":"","meta":{"footnotes":""},"class_list":["post-1665","page","type-page","status-publish","hentry"],"_links":{"self":[{"href":"https:\/\/lfdidf.fr\/index.php\/wp-json\/wp\/v2\/pages\/1665","targetHints":{"allow":["GET"]}}],"collection":[{"href":"https:\/\/lfdidf.fr\/index.php\/wp-json\/wp\/v2\/pages"}],"about":[{"href":"https:\/\/lfdidf.fr\/index.php\/wp-json\/wp\/v2\/types\/page"}],"author":[{"embeddable":true,"href":"https:\/\/lfdidf.fr\/index.php\/wp-json\/wp\/v2\/users\/3"}],"replies":[{"embeddable":true,"href":"https:\/\/lfdidf.fr\/index.php\/wp-json\/wp\/v2\/comments?post=1665"}],"version-history":[{"count":52,"href":"https:\/\/lfdidf.fr\/index.php\/wp-json\/wp\/v2\/pages\/1665\/revisions"}],"predecessor-version":[{"id":2012,"href":"https:\/\/lfdidf.fr\/index.php\/wp-json\/wp\/v2\/pages\/1665\/revisions\/2012"}],"wp:attachment":[{"href":"https:\/\/lfdidf.fr\/index.php\/wp-json\/wp\/v2\/media?parent=1665"}],"curies":[{"name":"wp","href":"https:\/\/api.w.org\/{rel}","templated":true}]}}