{"id":1782,"date":"2025-09-19T09:53:44","date_gmt":"2025-09-19T07:53:44","guid":{"rendered":"https:\/\/lfdidf.fr\/?page_id=1782"},"modified":"2025-11-05T10:30:57","modified_gmt":"2025-11-05T09:30:57","slug":"dg-2025-2026","status":"publish","type":"page","link":"https:\/\/lfdidf.fr\/index.php\/dg-2025-2026\/","title":{"rendered":"DG 2025-2026"},"content":{"rendered":"\n<p><a href=\"https:\/\/lfdidf.fr\/index.php\/2025\/10\/21\/disc-golf-championnats-regionaux-ile-de-france-2\/\">Championnats R\u00e9gionaux \u00cele-de-France Individuels 2025-2026 RIDGC<\/a><\/p>\n\n\n\n<p><a href=\"https:\/\/discgolfmetrix.com\/3373707\">R\u00e9gional Tour #1<\/a><\/p>\n\n\n\n<p><a href=\"https:\/\/discgolfmetrix.com\/3373709\">R\u00e9gional Tour #2<\/a><\/p>\n\n\n\n<p><a href=\"https:\/\/discgolfmetrix.com\/3373710\">R\u00e9gional Tour #3<\/a><\/p>\n\n\n\n<p><a href=\"https:\/\/discgolfmetrix.com\/3373714\">R\u00e9gional Tour #4<\/a><\/p>\n\n\n\n<p><a href=\"https:\/\/discgolfmetrix.com\/3373716\">R\u00e9gional Tour #5<\/a><\/p>\n\n\n\n<p><a href=\"https:\/\/discgolfmetrix.com\/3373717\">R\u00e9gional Tour #6<\/a><\/p>\n\n\n\n<p><a href=\"https:\/\/discgolfmetrix.com\/3373702\">R\u00e9gional Tour Classement G\u00e9n\u00e9ral<\/a><\/p>\n","protected":false},"excerpt":{"rendered":"<p>Championnats R\u00e9gionaux \u00cele-de-France Individuels 2025-2026 RIDGC R\u00e9gional Tour #1 R\u00e9gional Tour #2 R\u00e9gional Tour #3 R\u00e9gional Tour #4 R\u00e9gional Tour #5 R\u00e9gional Tour #6 R\u00e9gional Tour Classement G\u00e9n\u00e9ral<\/p>\n","protected":false},"author":3,"featured_media":0,"parent":0,"menu_order":0,"comment_status":"closed","ping_status":"closed","template":"","meta":{"footnotes":""},"class_list":["post-1782","page","type-page","status-publish","hentry"],"_links":{"self":[{"href":"https:\/\/lfdidf.fr\/index.php\/wp-json\/wp\/v2\/pages\/1782","targetHints":{"allow":["GET"]}}],"collection":[{"href":"https:\/\/lfdidf.fr\/index.php\/wp-json\/wp\/v2\/pages"}],"about":[{"href":"https:\/\/lfdidf.fr\/index.php\/wp-json\/wp\/v2\/types\/page"}],"author":[{"embeddable":true,"href":"https:\/\/lfdidf.fr\/index.php\/wp-json\/wp\/v2\/users\/3"}],"replies":[{"embeddable":true,"href":"https:\/\/lfdidf.fr\/index.php\/wp-json\/wp\/v2\/comments?post=1782"}],"version-history":[{"count":2,"href":"https:\/\/lfdidf.fr\/index.php\/wp-json\/wp\/v2\/pages\/1782\/revisions"}],"predecessor-version":[{"id":1875,"href":"https:\/\/lfdidf.fr\/index.php\/wp-json\/wp\/v2\/pages\/1782\/revisions\/1875"}],"wp:attachment":[{"href":"https:\/\/lfdidf.fr\/index.php\/wp-json\/wp\/v2\/media?parent=1782"}],"curies":[{"name":"wp","href":"https:\/\/api.w.org\/{rel}","templated":true}]}}