{"id":18,"date":"2021-10-12T12:27:58","date_gmt":"2021-10-12T10:27:58","guid":{"rendered":"http:\/\/lfdidf.fr\/?page_id=18"},"modified":"2021-10-13T15:16:16","modified_gmt":"2021-10-13T13:16:16","slug":"lultimate","status":"publish","type":"page","link":"https:\/\/lfdidf.fr\/index.php\/flying-disc\/lultimate\/","title":{"rendered":"L&rsquo;Ultimate"},"content":{"rendered":"\n<p>En 1967, les \u00e9l\u00e8ves de la Columbia High School \u00e0&nbsp;Maplewood&nbsp;dans le&nbsp;New Jersey d\u00e9veloppent l\u2019Ultimate Frisbee. Leur objectif est de cr\u00e9er un sport nouveau se r\u00e9f\u00e9rant aux valeurs originelles de l\u2019olympisme. Le premier club fran\u00e7ais est cr\u00e9\u00e9 en 1980.<\/p>\n\n\n\n<p>C\u2019est un sport collectif qui se pratique avec un disque volant (ou frisbee). On peut y jouer sur trois surfaces diff\u00e9rentes : sur herbe en ext\u00e9rieur (deux \u00e9quipes de sept joueur.se.s), en int\u00e9rieur dans un gymnase (deux \u00e9quipes de cinq joueur.se.s) ou sur sable (deux \u00e9quipes de cinq joueur.se.s). Il a la particularit\u00e9 de se jouer en mixte et d\u2019\u00eatre auto-arbitr\u00e9.<\/p>\n\n\n\n<h1 class=\"wp-block-heading\">LE SPORT<\/h1>\n\n\n\n<figure class=\"wp-block-image size-full\"><img loading=\"lazy\" decoding=\"async\" width=\"852\" height=\"375\" src=\"http:\/\/lfdidf.fr\/wp-content\/uploads\/2021\/10\/terrain.png\" alt=\"\" class=\"wp-image-256\" srcset=\"https:\/\/lfdidf.fr\/wp-content\/uploads\/2021\/10\/terrain.png 852w, https:\/\/lfdidf.fr\/wp-content\/uploads\/2021\/10\/terrain-300x132.png 300w, https:\/\/lfdidf.fr\/wp-content\/uploads\/2021\/10\/terrain-768x338.png 768w, https:\/\/lfdidf.fr\/wp-content\/uploads\/2021\/10\/terrain-128x56.png 128w, https:\/\/lfdidf.fr\/wp-content\/uploads\/2021\/10\/terrain-32x14.png 32w\" sizes=\"auto, (max-width: 852px) 100vw, 852px\" \/><\/figure>\n\n\n\n<h2 class=\"wp-block-heading\"><em><strong>Le But du Jeu<\/strong><\/em><\/h2>\n\n\n\n<p>L\u2019ultimate se joue avec deux \u00e9quipes de sept joueurs chacune et un disque (frisbee). Le terrain a une surface de 100 m par 37 m. En salle, il se joue sur un terrain de handball avec cinq joueurs par \u00e9quipe. A chaque extr\u00e9mit\u00e9 du terrain il y a une zone d\u2019en-but de 18 m (ext\u00e9rieur) ou 6 m (en salle).<\/p>\n\n\n\n<h2 class=\"wp-block-heading\"><em><strong>L&rsquo;engagement<\/strong><\/em><\/h2>\n\n\n\n<p>Au d\u00e9but du jeu et apr\u00e8s chaque point marqu\u00e9 les \u00e9quipes se tiennent sur leur ligne de but. L\u2019\u00e9quipe qui a marqu\u00e9 le dernier point lance le disque. L\u2019autre \u00e9quipe prend possession du disque l\u00e0 o\u00f9 il atterrit et devient alors l\u2019\u00e9quipe attaquante.<\/p>\n\n\n\n<h2 class=\"wp-block-heading\"><em><strong>Score<\/strong><\/em><\/h2>\n\n\n\n<p>Un point est marqu\u00e9 quand l\u2019\u00e9quipe offensive attrape le disque dans la zone d\u2019en-but de l\u2019\u00e9quipe adverse.<\/p>\n\n\n\n<h2 class=\"wp-block-heading\"><em><strong>Sport sans contact<\/strong><\/em><\/h2>\n\n\n\n<p>L&rsquo;ultimate est un sport sans contact. Les contacts physiques ne sont pas autoris\u00e9s.<\/p>\n\n\n\n<h2 class=\"wp-block-heading\"><em><strong>Fautes<\/strong><\/em><\/h2>\n\n\n\n<p>Quand une faute est constat\u00e9e un des joueurs appelle \u00ab\u00a0FAUTE\u00a0\u00bb. Tous les joueurs s&rsquo;arr\u00eatent imm\u00e9diatement et le jeu est stopp\u00e9. Le but est de reprendre le jeu comme si la faute n&rsquo;avait pas eu lieu. Quand les joueurs ne peuvent se mettre d&rsquo;accord le disque retourne au dernier lanceur et le jeu reprend de l\u00e0.<\/p>\n\n\n\n<h2 class=\"wp-block-heading\"><em><strong>Pas d&rsquo;arbitre<\/strong><\/em><\/h2>\n\n\n\n<p>Le fair play est un aspect important de tous les sports de disque. Contrairement aux autres sports, l\u2019Ultimate se joue sans arbitre. Les joueurs sont eux-m\u00eames responsables du bon d\u00e9roulement du jeu.<\/p>\n\n\n\n<figure class=\"wp-block-image size-large\"><img loading=\"lazy\" decoding=\"async\" width=\"1024\" height=\"680\" src=\"http:\/\/lfdidf.fr\/wp-content\/uploads\/2021\/10\/16389736335_2b96a7246a_k-1024x680.jpg\" alt=\"\" class=\"wp-image-262\" srcset=\"https:\/\/lfdidf.fr\/wp-content\/uploads\/2021\/10\/16389736335_2b96a7246a_k-1024x680.jpg 1024w, https:\/\/lfdidf.fr\/wp-content\/uploads\/2021\/10\/16389736335_2b96a7246a_k-300x199.jpg 300w, https:\/\/lfdidf.fr\/wp-content\/uploads\/2021\/10\/16389736335_2b96a7246a_k-768x510.jpg 768w, https:\/\/lfdidf.fr\/wp-content\/uploads\/2021\/10\/16389736335_2b96a7246a_k-1536x1020.jpg 1536w, https:\/\/lfdidf.fr\/wp-content\/uploads\/2021\/10\/16389736335_2b96a7246a_k-128x85.jpg 128w, https:\/\/lfdidf.fr\/wp-content\/uploads\/2021\/10\/16389736335_2b96a7246a_k-32x21.jpg 32w, https:\/\/lfdidf.fr\/wp-content\/uploads\/2021\/10\/16389736335_2b96a7246a_k.jpg 2047w\" sizes=\"auto, (max-width: 1024px) 100vw, 1024px\" \/><\/figure>\n\n\n\n<h1 class=\"wp-block-heading\">LES VALEURS<\/h1>\n\n\n\n<h2 class=\"wp-block-heading\"><strong>Le Fair-play ou L\u2019Esprit du jeu<\/strong><\/h2>\n\n\n\n<p>L\u2019\u00e9thique de notre sport pr\u00f4ne le fair-play, la responsabilit\u00e9 des joueurs sur et en dehors du terrain, ainsi que le respect de tout ce qui concourt \u00e0 notre environnement sportif. C\u2019est d\u2019ailleurs tr\u00e8s clairement sp\u00e9cifi\u00e9 d\u00e8s le premier article du R\u00e8glement de la World Flying Disc Federation (Extrait de l\u2019article 1-02) :<\/p>\n\n\n\n<p>\u201cL\u2019Ultimate est un sport sans contact et auto-arbitr\u00e9. Tous les joueurs sont responsables de l\u2019application et de l\u2019adh\u00e9sion aux r\u00e8gles. L\u2019Ultimate repose sur l\u2019esprit du jeu qui place la responsabilit\u00e9 du fair-play en chaque joueur.<\/p>\n\n\n\n<p>Il est convenu qu\u2019aucun joueur n\u2019enfreindra intentionnellement les r\u00e8gles [\u2026].<\/p>\n\n\n\n<p>La haute comp\u00e9tition est encourag\u00e9e mais jamais au d\u00e9triment du respect mutuel entre joueurs, de l\u2019adh\u00e9rence aux r\u00e8gles du jeu ou du simple plaisir de jouer.\u201d<\/p>\n\n\n\n<p>Si l\u2019absence d\u2019arbitre sur un terrain semble inconcevable pour de nombreux sportifs provenant d\u2019autres disciplines, l\u2019Ultimate est la preuve que la comp\u00e9titivit\u00e9 et l\u2019engagement peuvent exister sans mettre de c\u00f4t\u00e9 le respect de l\u2019adversaire. Par ailleurs, \u00e0 la fin de\u00a0 chaque match les deux \u00e9quipes se regroupent dans un cercle pour parler de la rencontre, de son d\u00e9roulement et de son esprit. Chaque \u00e9quipe attribue une note de fair-play \u00e0 l\u2019autre \u00e9quipe et un Prix de l\u2019Esprit du Jeu (SOTG en anglais) est d\u00e9cern\u00e9 \u00e0 la fin de chaque comp\u00e9tition \u00e0 l\u2019\u00e9quipe qui a su le mieux respecter les r\u00e8gles et ses adversaires.<\/p>\n\n\n\n<figure class=\"wp-block-image size-large\"><img loading=\"lazy\" decoding=\"async\" width=\"1024\" height=\"683\" src=\"http:\/\/lfdidf.fr\/wp-content\/uploads\/2021\/10\/16616480246_0567a594d9_k-1024x683.jpg\" alt=\"\" class=\"wp-image-263\" srcset=\"https:\/\/lfdidf.fr\/wp-content\/uploads\/2021\/10\/16616480246_0567a594d9_k-1024x683.jpg 1024w, https:\/\/lfdidf.fr\/wp-content\/uploads\/2021\/10\/16616480246_0567a594d9_k-300x200.jpg 300w, https:\/\/lfdidf.fr\/wp-content\/uploads\/2021\/10\/16616480246_0567a594d9_k-768x512.jpg 768w, https:\/\/lfdidf.fr\/wp-content\/uploads\/2021\/10\/16616480246_0567a594d9_k-1536x1024.jpg 1536w, https:\/\/lfdidf.fr\/wp-content\/uploads\/2021\/10\/16616480246_0567a594d9_k-128x85.jpg 128w, https:\/\/lfdidf.fr\/wp-content\/uploads\/2021\/10\/16616480246_0567a594d9_k-32x21.jpg 32w, https:\/\/lfdidf.fr\/wp-content\/uploads\/2021\/10\/16616480246_0567a594d9_k.jpg 2048w\" sizes=\"auto, (max-width: 1024px) 100vw, 1024px\" \/><\/figure>\n\n\n\n<h2 class=\"wp-block-heading\"><strong>La mixit\u00e9<\/strong><\/h2>\n\n\n\n<p>L\u2019Ultimate est l\u2019un des rares sports collectifs qui se joue en mixte : c\u2019est-\u00e0-dire que gar\u00e7ons et filles peuvent jouer sur un m\u00eame terrain et au sein d\u2019une m\u00eame \u00e9quipe. Sur herbe, on alterne tous les deux points : 3 joueuses et 4 joueurs dans chaque \u00e9quipe puis 4 joueuses et 3 joueurs pour les deux points suivants. C\u2019est l\u2019un des vrais atouts de ce sport avec la notion de fair-play car au del\u00e0 du respect de l\u2019autre dans la pratique sportive, cela permet d\u2019engager des discussions et r\u00e9flexions autour de l\u2019\u00e9quit\u00e9 des sexes. Par ailleurs, outre la cat\u00e9gorie mixte, l\u2019ultimate frisbee compte deux autres cat\u00e9gories : f\u00e9minine et open. Cette derni\u00e8re est une cat\u00e9gorie qui est ouverte aux joueurs et aux joueuses (mais sans nombre impos\u00e9 sur le terrain, ce qui signifie qu\u2019une \u00e9quipe avec 3 joueuses peut jouer contre une \u00e9quipe uniquement masculine ou inversement).<\/p>\n\n\n","protected":false},"excerpt":{"rendered":"<p>En 1967, les \u00e9l\u00e8ves de la Columbia High School \u00e0&nbsp;Maplewood&nbsp;dans le&nbsp;New Jersey d\u00e9veloppent l\u2019Ultimate Frisbee. Leur objectif est de cr\u00e9er un sport nouveau se r\u00e9f\u00e9rant aux valeurs originelles de l\u2019olympisme. Le premier club fran\u00e7ais est cr\u00e9\u00e9 en 1980. C\u2019est un sport collectif qui se pratique avec un disque volant (ou frisbee). On peut y jouer [&hellip;]<\/p>\n","protected":false},"author":1,"featured_media":0,"parent":21,"menu_order":0,"comment_status":"closed","ping_status":"closed","template":"","meta":{"footnotes":""},"class_list":["post-18","page","type-page","status-publish","hentry"],"_links":{"self":[{"href":"https:\/\/lfdidf.fr\/index.php\/wp-json\/wp\/v2\/pages\/18","targetHints":{"allow":["GET"]}}],"collection":[{"href":"https:\/\/lfdidf.fr\/index.php\/wp-json\/wp\/v2\/pages"}],"about":[{"href":"https:\/\/lfdidf.fr\/index.php\/wp-json\/wp\/v2\/types\/page"}],"author":[{"embeddable":true,"href":"https:\/\/lfdidf.fr\/index.php\/wp-json\/wp\/v2\/users\/1"}],"replies":[{"embeddable":true,"href":"https:\/\/lfdidf.fr\/index.php\/wp-json\/wp\/v2\/comments?post=18"}],"version-history":[{"count":5,"href":"https:\/\/lfdidf.fr\/index.php\/wp-json\/wp\/v2\/pages\/18\/revisions"}],"predecessor-version":[{"id":265,"href":"https:\/\/lfdidf.fr\/index.php\/wp-json\/wp\/v2\/pages\/18\/revisions\/265"}],"up":[{"embeddable":true,"href":"https:\/\/lfdidf.fr\/index.php\/wp-json\/wp\/v2\/pages\/21"}],"wp:attachment":[{"href":"https:\/\/lfdidf.fr\/index.php\/wp-json\/wp\/v2\/media?parent=18"}],"curies":[{"name":"wp","href":"https:\/\/api.w.org\/{rel}","templated":true}]}}