{"id":185,"date":"2021-10-13T09:03:19","date_gmt":"2021-10-13T07:03:19","guid":{"rendered":"http:\/\/lfdidf.fr\/?page_id=185"},"modified":"2022-03-14T14:12:33","modified_gmt":"2022-03-14T13:12:33","slug":"dg-2021-2022","status":"publish","type":"page","link":"https:\/\/lfdidf.fr\/index.php\/resultats\/disc-golf\/dg-2021-2022\/","title":{"rendered":"DG 2021-2022"},"content":{"rendered":"\n<p><a href=\"http:\/\/lfdidf.fr\/index.php\/league\/championnat-regional-idf\/\" data-type=\"sp_league\" data-id=\"14\">Championnat R\u00e9gional IdF individuel<\/a><\/p>\n\n\n\n<p> <a href=\"http:\/\/lfdidf.fr\/index.php\/table\/regional-tour-1\/\">R\u00e9gional Tour #1<\/a> <\/p>\n\n\n\n<p> <a href=\"https:\/\/www.pdga.com\/tour\/event\/56072#MP40\">R\u00e9gional Tour #2<\/a><\/p>\n\n\n\n<p> <a href=\"https:\/\/www.pdga.com\/tour\/event\/56410\">R\u00e9gional Tour #3<\/a><\/p>\n\n\n\n<p> <a href=\"https:\/\/www.pdga.com\/tour\/event\/57014\">R\u00e9gional Tour #4<\/a><\/p>\n\n\n\n<p> <a href=\"https:\/\/www.pdga.com\/tour\/event\/58154\">R\u00e9gional Tour #5<\/a><\/p>\n\n\n\n<p><a href=\"http:\/\/lfdidf.fr\/index.php\/table\/resultat-global-rt-idf-2021-2022\/\">CLASSEMENT GENERAL R\u00e9gional Tour \u00cele de France 2021_2022<\/a><\/p>\n\n\n\n<p><\/p>\n\n\n\n<p><\/p>\n","protected":false},"excerpt":{"rendered":"<p>Championnat R\u00e9gional IdF individuel R\u00e9gional Tour #1 R\u00e9gional Tour #2 R\u00e9gional Tour #3 R\u00e9gional Tour #4 R\u00e9gional Tour #5 CLASSEMENT GENERAL R\u00e9gional Tour \u00cele de France 2021_2022<\/p>\n","protected":false},"author":1,"featured_media":0,"parent":182,"menu_order":0,"comment_status":"closed","ping_status":"closed","template":"","meta":{"footnotes":""},"class_list":["post-185","page","type-page","status-publish","hentry"],"_links":{"self":[{"href":"https:\/\/lfdidf.fr\/index.php\/wp-json\/wp\/v2\/pages\/185","targetHints":{"allow":["GET"]}}],"collection":[{"href":"https:\/\/lfdidf.fr\/index.php\/wp-json\/wp\/v2\/pages"}],"about":[{"href":"https:\/\/lfdidf.fr\/index.php\/wp-json\/wp\/v2\/types\/page"}],"author":[{"embeddable":true,"href":"https:\/\/lfdidf.fr\/index.php\/wp-json\/wp\/v2\/users\/1"}],"replies":[{"embeddable":true,"href":"https:\/\/lfdidf.fr\/index.php\/wp-json\/wp\/v2\/comments?post=185"}],"version-history":[{"count":9,"href":"https:\/\/lfdidf.fr\/index.php\/wp-json\/wp\/v2\/pages\/185\/revisions"}],"predecessor-version":[{"id":536,"href":"https:\/\/lfdidf.fr\/index.php\/wp-json\/wp\/v2\/pages\/185\/revisions\/536"}],"up":[{"embeddable":true,"href":"https:\/\/lfdidf.fr\/index.php\/wp-json\/wp\/v2\/pages\/182"}],"wp:attachment":[{"href":"https:\/\/lfdidf.fr\/index.php\/wp-json\/wp\/v2\/media?parent=185"}],"curies":[{"name":"wp","href":"https:\/\/api.w.org\/{rel}","templated":true}]}}