{"id":20,"date":"2021-10-12T12:27:58","date_gmt":"2021-10-12T10:27:58","guid":{"rendered":"http:\/\/lfdidf.fr\/?page_id=20"},"modified":"2025-09-11T15:15:10","modified_gmt":"2025-09-11T13:15:10","slug":"calendrier24-25","status":"publish","type":"page","link":"https:\/\/lfdidf.fr\/index.php\/calendrier24-25\/","title":{"rendered":"Calendrier24-25"},"content":{"rendered":"\n<h2 class=\"wp-block-heading has-text-align-center has-vivid-red-background-color has-background\">SAISON 2024-2025<\/h2>\n\n\n\n<h3 class=\"wp-block-heading has-text-align-center has-vivid-cyan-blue-background-color has-background\">ULTIMATE<\/h3>\n\n\n\n<h4 class=\"wp-block-heading has-text-align-center has-pale-cyan-blue-background-color has-background\">INDOOR<\/h4>\n\n\n\n<figure class=\"wp-block-table aligncenter is-style-stripes\"><table><thead><tr><th class=\"has-text-align-left\" data-align=\"left\">Date<\/th><th class=\"has-text-align-left\" data-align=\"left\">Comp\u00e9tition<\/th><th>Lieux<\/th><\/tr><\/thead><tbody><tr><td class=\"has-text-align-left\" data-align=\"left\">Samedi 12 octobre 2024<\/td><td class=\"has-text-align-left\" data-align=\"left\">Coupe IdF Junior Mixte U17\/U20<\/td><td>Nemours\/St-Pierre<\/td><\/tr><tr><td class=\"has-text-align-left\" data-align=\"left\">Dimanche 24 novembre 2024<\/td><td class=\"has-text-align-left\" data-align=\"left\"><a href=\"https:\/\/lfdidf.fr\/index.php\/event\/ultimate-coupe-idf-junior-open-indoor-u13-u15-u17-u20\/\">Coupe IdF Junior Open<br>U13\/U15\/U17\/U20<\/a><\/td><td>U13 Luzarches<br>U15 Nemours<br>U17 La-Celle-St-Cloud\/Luzarches<br>U20 Courtry<\/td><\/tr><tr><td class=\"has-text-align-left\" data-align=\"left\">30 novembre et 1er d\u00e9cembre 2024<\/td><td class=\"has-text-align-left\" data-align=\"left\"><a href=\"https:\/\/lfdidf.fr\/index.php\/event\/ultimate-championnat-regional-indoor-open-phase-aller-2\/\">Championnat R\u00e9gional Phase Aller<\/a><\/td><td>DR1 Amiens et Nemours<br>DR2 Nemours<br>DR3 Beauvais et Plaisir<\/td><\/tr><tr><td class=\"has-text-align-left\" data-align=\"left\">7 et 8 d\u00e9cembre 2024<\/td><td class=\"has-text-align-left\" data-align=\"left\"><a href=\"https:\/\/lfdidf.fr\/index.php\/event\/ultimate-championnat-regional-indoor-open-phase-aller-2\/\">Championnat R\u00e9gional 2 Poule B Phase Aller<\/a><\/td><td>Paris<\/td><\/tr><tr><td class=\"has-text-align-left\" data-align=\"left\">1 et 2 f\u00e9vrier 2025<\/td><td class=\"has-text-align-left\" data-align=\"left\"><a href=\"https:\/\/lfdidf.fr\/index.php\/event\/ultimate-championnat-regional-indoor-open-phase-retour\/\">Championnat R\u00e9gional Phase Retour<\/a><\/td><td>DR1 Nemours (PH)<br>DR2 Cergy (PH) et Nemours (PB)<br>DR3 Beauvais (PH) et La-Celle-St-Cloud (PB)<br><\/td><\/tr><tr><td class=\"has-text-align-left\" data-align=\"left\">8 et 9 f\u00e9vrier 2025<\/td><td class=\"has-text-align-left\" data-align=\"left\"><a href=\"https:\/\/lfdidf.fr\/index.php\/event\/ultimate-championnat-regional-indoor-open-phase-retour\/\">Championnat R\u00e9gional Phase Retour Poule Basse DR1<\/a><\/td><td>Cr\u00e9teil<\/td><\/tr><\/tbody><\/table><\/figure>\n\n\n\n<h4 class=\"wp-block-heading has-text-align-center has-pale-cyan-blue-background-color has-background\">OUTDOOR<\/h4>\n\n\n\n<figure class=\"wp-block-table is-style-stripes\"><table><thead><tr><th class=\"has-text-align-right\" data-align=\"right\">Date<\/th><th class=\"has-text-align-left\" data-align=\"left\">Comp\u00e9tition<\/th><th>Lieux<\/th><\/tr><\/thead><tbody><tr><td class=\"has-text-align-right\" data-align=\"right\">Dimanche 13 octobre 2024<\/td><td class=\"has-text-align-left\" data-align=\"left\"><a href=\"https:\/\/lfdidf.fr\/index.php\/event\/ultimate-coupe-feminine-5vs5-outdoor-2\/\">Coupe F\u00e9minine 5vs5<\/a><\/td><td>Luzarches<\/td><\/tr><tr><td class=\"has-text-align-right\" data-align=\"right\">Dimanche 9 mars 2025<\/td><td class=\"has-text-align-left\" data-align=\"left\"><a href=\"https:\/\/lfdidf.fr\/index.php\/event\/ultimate-coupe-idf-junior-mixte-u17-u20-outdoor\/\">Coupe IdF Junior Mixte U17\/U20<\/a><\/td><td>Baillet-en-France<\/td><\/tr><tr><td class=\"has-text-align-right\" data-align=\"right\">29 et 30 mars 2025<\/td><td class=\"has-text-align-left\" data-align=\"left\"><a href=\"https:\/\/lfdidf.fr\/index.php\/event\/ultimate-championnat-regional-open-outdoor-phase-aller\/\">Championnat R\u00e9gional Phase Aller<\/a><\/td><td>R1 Nemours<br>R2 Baillet-en-France<\/td><\/tr><tr><td class=\"has-text-align-right\" data-align=\"right\">Dimanche 27 avril 2025<\/td><td class=\"has-text-align-left\" data-align=\"left\"><a href=\"https:\/\/lfdidf.fr\/index.php\/event\/ultimate-coupe-idf-junior-outdoor-open-u13-u15-u17-u20\/\">Coupe IdF Junior Outdoor Open U13\/U15\/U17\/U20<\/a><\/td><td>Noisy-le-Sec<\/td><\/tr><tr><td class=\"has-text-align-right\" data-align=\"right\">17 et 18 mai 2025<\/td><td class=\"has-text-align-left\" data-align=\"left\"><a href=\"https:\/\/lfdidf.fr\/index.php\/event\/ultimate-championnat-regional-open-outdoor-phase-retour\/\">Championnat R\u00e9gional Phase Retour<\/a><\/td><td>R1 La-Celle-Saint-Coud<br>R2 Plaisir<\/td><\/tr><\/tbody><\/table><\/figure>\n\n\n\n<h4 class=\"wp-block-heading has-text-align-center has-pale-cyan-blue-background-color has-background\">STAGES ET FORMATIONS<\/h4>\n\n\n\n<figure class=\"wp-block-table is-style-stripes\"><table><thead><tr><th class=\"has-text-align-right\" data-align=\"right\">Date<\/th><th class=\"has-text-align-left\" data-align=\"left\">Ev\u00e9nement<\/th><th>Lieux<\/th><\/tr><\/thead><tbody><tr><td class=\"has-text-align-right\" data-align=\"right\">14 d\u00e9cembre 2024<\/td><td class=\"has-text-align-left\" data-align=\"left\">DFIU<\/td><td>Troyes<\/td><\/tr><\/tbody><\/table><\/figure>\n\n\n\n<h3 class=\"wp-block-heading has-text-align-center has-vivid-green-cyan-background-color has-background\">DISC GOLF<\/h3>\n\n\n\n<h4 class=\"wp-block-heading has-text-align-center has-light-green-cyan-background-color has-background\">CHAMPIONNAT<\/h4>\n\n\n\n<figure class=\"wp-block-table is-style-stripes\"><table><thead><tr><th class=\"has-text-align-right\" data-align=\"right\">Date<\/th><th class=\"has-text-align-left\" data-align=\"left\">Comp\u00e9tition<\/th><th>Lieux<\/th><\/tr><\/thead><tbody><tr><td class=\"has-text-align-right\" data-align=\"right\">19 et 20 octobre 2024<\/td><td class=\"has-text-align-left\" data-align=\"left\">Championnat R\u00e9gional Individuel<\/td><td>Jablines<\/td><\/tr><\/tbody><\/table><\/figure>\n\n\n\n<h4 class=\"wp-block-heading has-text-align-center has-light-green-cyan-background-color has-background\">NATIONAL TOUR<\/h4>\n\n\n\n<figure class=\"wp-block-table is-style-stripes\"><table><thead><tr><th class=\"has-text-align-right\" data-align=\"right\">Date<\/th><th class=\"has-text-align-left\" data-align=\"left\">Comp\u00e9tition<\/th><th>Lieux<\/th><\/tr><\/thead><tbody><tr><td class=\"has-text-align-right\" data-align=\"right\">26 et 27 avril 2024<\/td><td class=\"has-text-align-left\" data-align=\"left\">National Tour #2<\/td><td>Jablines<\/td><\/tr><\/tbody><\/table><\/figure>\n\n\n\n<h4 class=\"wp-block-heading has-text-align-center has-light-green-cyan-background-color has-background\"><a href=\"https:\/\/discgolfmetrix.com\/3148167\">REGIONAL TOUR<\/a><\/h4>\n\n\n\n<figure class=\"wp-block-table is-style-stripes\"><table><thead><tr><th class=\"has-text-align-right\" data-align=\"right\">Date<\/th><th class=\"has-text-align-left\" data-align=\"left\">Comp\u00e9tition<\/th><th>Lieux<\/th><\/tr><\/thead><tbody><tr><td class=\"has-text-align-right\" data-align=\"right\">17 novembre 2024<\/td><td class=\"has-text-align-left\" data-align=\"left\"><a href=\"https:\/\/discgolfmetrix.com\/3148171\">R\u00e9gional Tour #1<\/a><\/td><td>Jablines<\/td><\/tr><tr><td class=\"has-text-align-right\" data-align=\"right\">15 d\u00e9cembre 2024<\/td><td class=\"has-text-align-left\" data-align=\"left\"><a href=\"https:\/\/discgolfmetrix.com\/3148172\">R\u00e9gional Tour #2<\/a><\/td><td>Bois-le-Roi<\/td><\/tr><tr><td class=\"has-text-align-right\" data-align=\"right\">19 janvier 2025<\/td><td class=\"has-text-align-left\" data-align=\"left\"><a href=\"https:\/\/discgolfmetrix.com\/3148174\">R\u00e9gional Tour #3<\/a><\/td><td>Sevran<\/td><\/tr><tr><td class=\"has-text-align-right\" data-align=\"right\">ANNUL\u00c9<\/td><td class=\"has-text-align-left\" data-align=\"left\"><s>R\u00e9gional Tour #4<\/s><\/td><td><s>Champigny-sur-Marne<\/s><\/td><\/tr><tr><td class=\"has-text-align-right\" data-align=\"right\">2 mars 2025<\/td><td class=\"has-text-align-left\" data-align=\"left\"><a href=\"https:\/\/discgolfmetrix.com\/3152299\">R\u00e9gional Tour #4<\/a><\/td><td>Choisy-le-Roi<\/td><\/tr><tr><td class=\"has-text-align-right\" data-align=\"right\">30 mars 2025<\/td><td class=\"has-text-align-left\" data-align=\"left\"><a href=\"https:\/\/discgolfmetrix.com\/3152301\">R\u00e9gional Tour #5<\/a><\/td><td>Bussy-St-Georges<\/td><\/tr><\/tbody><\/table><\/figure>\n\n\n\n<h3 class=\"wp-block-heading has-text-align-center has-luminous-vivid-orange-background-color has-background\">LIGUE<\/h3>\n\n\n\n<figure class=\"wp-block-table is-style-stripes\"><table><tbody><tr><td class=\"has-text-align-right\" data-align=\"right\">18 septembre 2024<\/td><td class=\"has-text-align-left\" data-align=\"left\">Comit\u00e9 Directeur<\/td><\/tr><tr><td class=\"has-text-align-right\" data-align=\"right\">18 d\u00e9cembre 2024<\/td><td class=\"has-text-align-left\" data-align=\"left\">Comit\u00e9 Directeur<\/td><\/tr><tr><td class=\"has-text-align-right\" data-align=\"right\">12 f\u00e9vrier 2025<\/td><td class=\"has-text-align-left\" data-align=\"left\">Comit\u00e9 Directeur<\/td><\/tr><tr><td class=\"has-text-align-right\" data-align=\"right\">9 avril 2025<\/td><td class=\"has-text-align-left\" data-align=\"left\">Comit\u00e9 Directeur<\/td><\/tr><tr><td class=\"has-text-align-right\" data-align=\"right\">11 juin 2025<\/td><td class=\"has-text-align-left\" data-align=\"left\">Comit\u00e9 Directeur<\/td><\/tr><\/tbody><\/table><\/figure>\n\n\n\n<p><\/p>\n\n\n\n<iframe loading=\"lazy\" src=\"https:\/\/calendar.google.com\/calendar\/embed?height=600&amp;wkst=2&amp;bgcolor=%23ffffff&amp;ctz=Europe%2FParis&amp;showDate=0&amp;showPrint=0&amp;showTabs=0&amp;showCalendars=0&amp;showTz=0&amp;showTitle=0&amp;src=bGZkaWRmQGdtYWlsLmNvbQ&amp;color=%238E24AA\" style=\"border-width:0\" scrolling=\"no\" width=\"800\" height=\"600\" frameborder=\"0\"><\/iframe>\n","protected":false},"excerpt":{"rendered":"<p>SAISON 2024-2025 ULTIMATE INDOOR Date Comp\u00e9tition Lieux Samedi 12 octobre 2024 Coupe IdF Junior Mixte U17\/U20 Nemours\/St-Pierre Dimanche 24 novembre 2024 Coupe IdF Junior OpenU13\/U15\/U17\/U20 U13 LuzarchesU15 NemoursU17 La-Celle-St-Cloud\/LuzarchesU20 Courtry 30 novembre et 1er d\u00e9cembre 2024 Championnat R\u00e9gional Phase Aller DR1 Amiens et NemoursDR2 NemoursDR3 Beauvais et Plaisir 7 et 8 d\u00e9cembre 2024 Championnat R\u00e9gional [&hellip;]<\/p>\n","protected":false},"author":1,"featured_media":0,"parent":0,"menu_order":0,"comment_status":"closed","ping_status":"closed","template":"","meta":{"footnotes":""},"class_list":["post-20","page","type-page","status-publish","hentry"],"_links":{"self":[{"href":"https:\/\/lfdidf.fr\/index.php\/wp-json\/wp\/v2\/pages\/20","targetHints":{"allow":["GET"]}}],"collection":[{"href":"https:\/\/lfdidf.fr\/index.php\/wp-json\/wp\/v2\/pages"}],"about":[{"href":"https:\/\/lfdidf.fr\/index.php\/wp-json\/wp\/v2\/types\/page"}],"author":[{"embeddable":true,"href":"https:\/\/lfdidf.fr\/index.php\/wp-json\/wp\/v2\/users\/1"}],"replies":[{"embeddable":true,"href":"https:\/\/lfdidf.fr\/index.php\/wp-json\/wp\/v2\/comments?post=20"}],"version-history":[{"count":66,"href":"https:\/\/lfdidf.fr\/index.php\/wp-json\/wp\/v2\/pages\/20\/revisions"}],"predecessor-version":[{"id":1754,"href":"https:\/\/lfdidf.fr\/index.php\/wp-json\/wp\/v2\/pages\/20\/revisions\/1754"}],"wp:attachment":[{"href":"https:\/\/lfdidf.fr\/index.php\/wp-json\/wp\/v2\/media?parent=20"}],"curies":[{"name":"wp","href":"https:\/\/api.w.org\/{rel}","templated":true}]}}