{"id":245,"date":"2021-10-13T14:42:04","date_gmt":"2021-10-13T12:42:04","guid":{"rendered":"http:\/\/lfdidf.fr\/?page_id=245"},"modified":"2025-11-05T14:41:24","modified_gmt":"2025-11-05T13:41:24","slug":"dg-en-ile-de-france","status":"publish","type":"page","link":"https:\/\/lfdidf.fr\/index.php\/flying-disc\/le-disc-golf\/dg-en-ile-de-france\/","title":{"rendered":"R\u00e8glement Disc Golf \u00cele-de-France"},"content":{"rendered":"\n<h2 class=\"wp-block-heading\">Mise \u00e0 jour du 04 novembre 2025<\/h2>\n\n\n\n<div data-wp-interactive=\"core\/file\" class=\"wp-block-file\"><object data-wp-bind--hidden=\"!state.hasPdfPreview\" hidden class=\"wp-block-file__embed\" data=\"https:\/\/lfdidf.fr\/wp-content\/uploads\/2025\/11\/Reglement-des-competitions-DISC-GOLF-IDF.docx.pdf\" type=\"application\/pdf\" style=\"width:100%;height:600px\" aria-label=\"Contenu embarqu\u00e9 R\u00e8glement des comp\u00e9titions DISC-GOLF IDF.docx.\"><\/object><a id=\"wp-block-file--media-3c856fe0-352f-4238-ae5d-4203f1e87b36\" href=\"https:\/\/lfdidf.fr\/wp-content\/uploads\/2025\/11\/Reglement-des-competitions-DISC-GOLF-IDF.docx.pdf\">R\u00e8glement des comp\u00e9titions DISC-GOLF IDF.docx<\/a><a href=\"https:\/\/lfdidf.fr\/wp-content\/uploads\/2025\/11\/Reglement-des-competitions-DISC-GOLF-IDF.docx.pdf\" class=\"wp-block-file__button wp-element-button\" download aria-describedby=\"wp-block-file--media-3c856fe0-352f-4238-ae5d-4203f1e87b36\">T\u00e9l\u00e9charger<\/a><\/div>\n\n\n\n<h2 class=\"wp-block-heading\">Mise \u00e0 jour du 28 octobre 2025<\/h2>\n\n\n\n<div data-wp-interactive=\"core\/file\" class=\"wp-block-file\"><object data-wp-bind--hidden=\"!state.hasPdfPreview\" hidden class=\"wp-block-file__embed\" data=\"https:\/\/lfdidf.fr\/wp-content\/uploads\/2025\/10\/Reglement-des-competitions-DISC-GOLF-IDF.docx.pdf\" type=\"application\/pdf\" style=\"width:100%;height:600px\" aria-label=\"Contenu embarqu\u00e9 R\u00e8glement des comp\u00e9titions DISC-GOLF IDF.docx.\"><\/object><a id=\"wp-block-file--media-baad1c09-fecf-440b-8776-dd966980970a\" href=\"https:\/\/lfdidf.fr\/wp-content\/uploads\/2025\/10\/Reglement-des-competitions-DISC-GOLF-IDF.docx.pdf\">R\u00e8glement des comp\u00e9titions DISC-GOLF IDF.docx<\/a><a href=\"https:\/\/lfdidf.fr\/wp-content\/uploads\/2025\/10\/Reglement-des-competitions-DISC-GOLF-IDF.docx.pdf\" class=\"wp-block-file__button wp-element-button\" download aria-describedby=\"wp-block-file--media-baad1c09-fecf-440b-8776-dd966980970a\">T\u00e9l\u00e9charger<\/a><\/div>\n","protected":false},"excerpt":{"rendered":"<p>Mise \u00e0 jour du 04 novembre 2025 Mise \u00e0 jour du 28 octobre 2025<\/p>\n","protected":false},"author":1,"featured_media":0,"parent":19,"menu_order":0,"comment_status":"closed","ping_status":"closed","template":"","meta":{"footnotes":""},"class_list":["post-245","page","type-page","status-publish","hentry"],"_links":{"self":[{"href":"https:\/\/lfdidf.fr\/index.php\/wp-json\/wp\/v2\/pages\/245","targetHints":{"allow":["GET"]}}],"collection":[{"href":"https:\/\/lfdidf.fr\/index.php\/wp-json\/wp\/v2\/pages"}],"about":[{"href":"https:\/\/lfdidf.fr\/index.php\/wp-json\/wp\/v2\/types\/page"}],"author":[{"embeddable":true,"href":"https:\/\/lfdidf.fr\/index.php\/wp-json\/wp\/v2\/users\/1"}],"replies":[{"embeddable":true,"href":"https:\/\/lfdidf.fr\/index.php\/wp-json\/wp\/v2\/comments?post=245"}],"version-history":[{"count":12,"href":"https:\/\/lfdidf.fr\/index.php\/wp-json\/wp\/v2\/pages\/245\/revisions"}],"predecessor-version":[{"id":1879,"href":"https:\/\/lfdidf.fr\/index.php\/wp-json\/wp\/v2\/pages\/245\/revisions\/1879"}],"up":[{"embeddable":true,"href":"https:\/\/lfdidf.fr\/index.php\/wp-json\/wp\/v2\/pages\/19"}],"wp:attachment":[{"href":"https:\/\/lfdidf.fr\/index.php\/wp-json\/wp\/v2\/media?parent=245"}],"curies":[{"name":"wp","href":"https:\/\/api.w.org\/{rel}","templated":true}]}}