{"id":287,"date":"2021-10-13T16:14:12","date_gmt":"2021-10-13T14:14:12","guid":{"rendered":"http:\/\/lfdidf.fr\/?page_id=287"},"modified":"2025-05-02T10:17:42","modified_gmt":"2025-05-02T08:17:42","slug":"les-membres","status":"publish","type":"page","link":"https:\/\/lfdidf.fr\/index.php\/les-membres\/","title":{"rendered":"Les membres"},"content":{"rendered":"\n<h2 class=\"wp-block-heading\">Le comit\u00e9 directeur<\/h2>\n\n\n\n<div class=\"wp-block-media-text alignwide is-stacked-on-mobile\" style=\"grid-template-columns:15% auto\"><figure class=\"wp-block-media-text__media\"><img loading=\"lazy\" decoding=\"async\" width=\"280\" height=\"391\" src=\"http:\/\/lfdidf.fr\/wp-content\/uploads\/2021\/11\/44140259_10155495287861582_9176959825685250048_n-1.jpg\" alt=\"\" class=\"wp-image-459 size-full\" srcset=\"https:\/\/lfdidf.fr\/wp-content\/uploads\/2021\/11\/44140259_10155495287861582_9176959825685250048_n-1.jpg 280w, https:\/\/lfdidf.fr\/wp-content\/uploads\/2021\/11\/44140259_10155495287861582_9176959825685250048_n-1-215x300.jpg 215w, https:\/\/lfdidf.fr\/wp-content\/uploads\/2021\/11\/44140259_10155495287861582_9176959825685250048_n-1-92x128.jpg 92w, https:\/\/lfdidf.fr\/wp-content\/uploads\/2021\/11\/44140259_10155495287861582_9176959825685250048_n-1-23x32.jpg 23w\" sizes=\"auto, (max-width: 280px) 100vw, 280px\" \/><\/figure><div class=\"wp-block-media-text__content\">\n<p>R\u00e9gis Brouard<br>Pr\u00e9sident par int\u00e9rim<br>membre des Tsunami du Loing, 77<br><a href=\"mailto:president@lfdidf.fr\">president@lfdidf.fr<\/a><\/p>\n<\/div><\/div>\n\n\n\n<p><\/p>\n\n\n\n<div class=\"wp-block-media-text alignwide is-stacked-on-mobile\" style=\"grid-template-columns:15% auto\"><figure class=\"wp-block-media-text__media\"><img loading=\"lazy\" decoding=\"async\" width=\"101\" height=\"152\" src=\"http:\/\/lfdidf.fr\/wp-content\/uploads\/2021\/10\/bb.jpg\" alt=\"\" class=\"wp-image-70 size-full\" srcset=\"https:\/\/lfdidf.fr\/wp-content\/uploads\/2021\/10\/bb.jpg 101w, https:\/\/lfdidf.fr\/wp-content\/uploads\/2021\/10\/bb-85x128.jpg 85w, https:\/\/lfdidf.fr\/wp-content\/uploads\/2021\/10\/bb-21x32.jpg 21w\" sizes=\"auto, (max-width: 101px) 100vw, 101px\" \/><\/figure><div class=\"wp-block-media-text__content\">\n<p class=\"has-pale-cyan-blue-background-color has-background\">Benjamin Bourdon<br>Vice-Pr\u00e9sident<br>Membre des R\u00e9vos, 75<br><\/p>\n<\/div><\/div>\n\n\n\n<p><\/p>\n\n\n\n<div class=\"wp-block-media-text alignwide is-stacked-on-mobile\" style=\"grid-template-columns:22% auto\"><figure class=\"wp-block-media-text__media\"><img loading=\"lazy\" decoding=\"async\" width=\"779\" height=\"768\" src=\"http:\/\/lfdidf.fr\/wp-content\/uploads\/2024\/09\/WhatsApp-Image-2024-09-10-a-19.05.27_ea860b67.jpg\" alt=\"\" class=\"wp-image-1263 size-full\" srcset=\"https:\/\/lfdidf.fr\/wp-content\/uploads\/2024\/09\/WhatsApp-Image-2024-09-10-a-19.05.27_ea860b67.jpg 779w, https:\/\/lfdidf.fr\/wp-content\/uploads\/2024\/09\/WhatsApp-Image-2024-09-10-a-19.05.27_ea860b67-300x296.jpg 300w, https:\/\/lfdidf.fr\/wp-content\/uploads\/2024\/09\/WhatsApp-Image-2024-09-10-a-19.05.27_ea860b67-768x757.jpg 768w, https:\/\/lfdidf.fr\/wp-content\/uploads\/2024\/09\/WhatsApp-Image-2024-09-10-a-19.05.27_ea860b67-128x126.jpg 128w, https:\/\/lfdidf.fr\/wp-content\/uploads\/2024\/09\/WhatsApp-Image-2024-09-10-a-19.05.27_ea860b67-32x32.jpg 32w\" sizes=\"auto, (max-width: 779px) 100vw, 779px\" \/><\/figure><div class=\"wp-block-media-text__content\">\n<p>Cassandra Rich\u00e9<br>Tr\u00e9sori\u00e8re<br>Membre des Hot, 78<br>&nbsp;tresoriere@lfdidf.fr<\/p>\n<\/div><\/div>\n\n\n\n<p><\/p>\n\n\n\n<div class=\"wp-block-media-text alignwide is-stacked-on-mobile\" style=\"grid-template-columns:15% auto\"><figure class=\"wp-block-media-text__media\"><img loading=\"lazy\" decoding=\"async\" width=\"101\" height=\"152\" src=\"http:\/\/lfdidf.fr\/wp-content\/uploads\/2021\/10\/bb.jpg\" alt=\"\" class=\"wp-image-70 size-full\" srcset=\"https:\/\/lfdidf.fr\/wp-content\/uploads\/2021\/10\/bb.jpg 101w, https:\/\/lfdidf.fr\/wp-content\/uploads\/2021\/10\/bb-85x128.jpg 85w, https:\/\/lfdidf.fr\/wp-content\/uploads\/2021\/10\/bb-21x32.jpg 21w\" sizes=\"auto, (max-width: 101px) 100vw, 101px\" \/><\/figure><div class=\"wp-block-media-text__content\">\n<p class=\"has-pale-cyan-blue-background-color has-background\">Benjamin Bourdon<br>Tr\u00e9sorier adjoint<br>Membre des R\u00e9vos, 75<br><a href=\"mailto:tresorier@lfdidf.fr\">tresorier@lfdidf.fr<\/a><\/p>\n<\/div><\/div>\n\n\n\n<p><\/p>\n\n\n\n<div class=\"wp-block-media-text alignwide is-stacked-on-mobile\" style=\"grid-template-columns:17% auto\"><figure class=\"wp-block-media-text__media\"><img loading=\"lazy\" decoding=\"async\" width=\"866\" height=\"1024\" src=\"http:\/\/lfdidf.fr\/wp-content\/uploads\/2024\/09\/WhatsApp-Image-2024-09-09-a-15.58.38_8bb04cf6-866x1024.jpg\" alt=\"\" class=\"wp-image-1261 size-full\" srcset=\"https:\/\/lfdidf.fr\/wp-content\/uploads\/2024\/09\/WhatsApp-Image-2024-09-09-a-15.58.38_8bb04cf6-866x1024.jpg 866w, https:\/\/lfdidf.fr\/wp-content\/uploads\/2024\/09\/WhatsApp-Image-2024-09-09-a-15.58.38_8bb04cf6-254x300.jpg 254w, https:\/\/lfdidf.fr\/wp-content\/uploads\/2024\/09\/WhatsApp-Image-2024-09-09-a-15.58.38_8bb04cf6-768x909.jpg 768w, https:\/\/lfdidf.fr\/wp-content\/uploads\/2024\/09\/WhatsApp-Image-2024-09-09-a-15.58.38_8bb04cf6-1298x1536.jpg 1298w, https:\/\/lfdidf.fr\/wp-content\/uploads\/2024\/09\/WhatsApp-Image-2024-09-09-a-15.58.38_8bb04cf6-108x128.jpg 108w, https:\/\/lfdidf.fr\/wp-content\/uploads\/2024\/09\/WhatsApp-Image-2024-09-09-a-15.58.38_8bb04cf6-27x32.jpg 27w, https:\/\/lfdidf.fr\/wp-content\/uploads\/2024\/09\/WhatsApp-Image-2024-09-09-a-15.58.38_8bb04cf6.jpg 1731w\" sizes=\"auto, (max-width: 866px) 100vw, 866px\" \/><\/figure><div class=\"wp-block-media-text__content\">\n<p class=\"has-pale-cyan-blue-background-color has-background\">Olga Tokareva<br>Secr\u00e9taire<br>Membre de Babylon Discus Disc Golf, 94<br><a href=\"mailto:secretaire@lfdidf.fr\">&nbsp;secretaire@lfdidf.fr<\/a><\/p>\n<\/div><\/div>\n\n\n\n<p><\/p>\n\n\n\n<div class=\"wp-block-media-text alignwide is-stacked-on-mobile\" style=\"grid-template-columns:15% auto\"><figure class=\"wp-block-media-text__media\"><img loading=\"lazy\" decoding=\"async\" width=\"280\" height=\"391\" src=\"http:\/\/lfdidf.fr\/wp-content\/uploads\/2021\/11\/44140259_10155495287861582_9176959825685250048_n-1.jpg\" alt=\"\" class=\"wp-image-459 size-full\" srcset=\"https:\/\/lfdidf.fr\/wp-content\/uploads\/2021\/11\/44140259_10155495287861582_9176959825685250048_n-1.jpg 280w, https:\/\/lfdidf.fr\/wp-content\/uploads\/2021\/11\/44140259_10155495287861582_9176959825685250048_n-1-215x300.jpg 215w, https:\/\/lfdidf.fr\/wp-content\/uploads\/2021\/11\/44140259_10155495287861582_9176959825685250048_n-1-92x128.jpg 92w, https:\/\/lfdidf.fr\/wp-content\/uploads\/2021\/11\/44140259_10155495287861582_9176959825685250048_n-1-23x32.jpg 23w\" sizes=\"auto, (max-width: 280px) 100vw, 280px\" \/><\/figure><div class=\"wp-block-media-text__content\">\n<p>R\u00e9gis Brouard<br>Secr\u00e9taire adjoint<br>membre des Tsunami du Loing, 77<br><a href=\"mailto:secretaire-adjoint@lfdidf.fr\">secretaire-adjoint@lfdidf.fr<\/a><\/p>\n<\/div><\/div>\n\n\n\n<p><\/p>\n\n\n\n<div class=\"wp-block-media-text alignwide is-stacked-on-mobile\" style=\"grid-template-columns:15% auto\"><figure class=\"wp-block-media-text__media\"><img loading=\"lazy\" decoding=\"async\" width=\"250\" height=\"274\" src=\"http:\/\/lfdidf.fr\/wp-content\/uploads\/2021\/10\/unnamed-1.jpg\" alt=\"\" class=\"wp-image-92 size-full\" srcset=\"https:\/\/lfdidf.fr\/wp-content\/uploads\/2021\/10\/unnamed-1.jpg 250w, https:\/\/lfdidf.fr\/wp-content\/uploads\/2021\/10\/unnamed-1-117x128.jpg 117w, https:\/\/lfdidf.fr\/wp-content\/uploads\/2021\/10\/unnamed-1-29x32.jpg 29w\" sizes=\"auto, (max-width: 250px) 100vw, 250px\" \/><\/figure><div class=\"wp-block-media-text__content\">\n<p class=\"has-pale-cyan-blue-background-color has-background\">Olivier H\u00e9rouard<br>Directeur Technique R\u00e9gional Ultimate (DTR)<br>Salamanders, Courtry 77<br><a href=\"mailto:dtr@lfdidf.fr\">&nbsp;dtr@lfdidf.fr<\/a><\/p>\n<\/div><\/div>\n\n\n\n<p><\/p>\n\n\n\n<div class=\"wp-block-media-text alignwide is-stacked-on-mobile\" style=\"grid-template-columns:15% auto\"><figure class=\"wp-block-media-text__media\"><img loading=\"lazy\" decoding=\"async\" width=\"250\" height=\"274\" src=\"http:\/\/lfdidf.fr\/wp-content\/uploads\/2021\/10\/unnamed-1.jpg\" alt=\"\" class=\"wp-image-92 size-full\" srcset=\"https:\/\/lfdidf.fr\/wp-content\/uploads\/2021\/10\/unnamed-1.jpg 250w, https:\/\/lfdidf.fr\/wp-content\/uploads\/2021\/10\/unnamed-1-117x128.jpg 117w, https:\/\/lfdidf.fr\/wp-content\/uploads\/2021\/10\/unnamed-1-29x32.jpg 29w\" sizes=\"auto, (max-width: 250px) 100vw, 250px\" \/><\/figure><div class=\"wp-block-media-text__content\">\n<p>Olivier Thuillier<br><br>membre de Z\u00e9rog\u00eane, 78<br><\/p>\n<\/div><\/div>\n\n\n\n<p><\/p>\n\n\n\n<div class=\"wp-block-media-text alignwide is-stacked-on-mobile\" style=\"grid-template-columns:15% auto\"><figure class=\"wp-block-media-text__media\"><img loading=\"lazy\" decoding=\"async\" width=\"250\" height=\"274\" src=\"http:\/\/lfdidf.fr\/wp-content\/uploads\/2021\/10\/unnamed-1.jpg\" alt=\"\" class=\"wp-image-92 size-full\" srcset=\"https:\/\/lfdidf.fr\/wp-content\/uploads\/2021\/10\/unnamed-1.jpg 250w, https:\/\/lfdidf.fr\/wp-content\/uploads\/2021\/10\/unnamed-1-117x128.jpg 117w, https:\/\/lfdidf.fr\/wp-content\/uploads\/2021\/10\/unnamed-1-29x32.jpg 29w\" sizes=\"auto, (max-width: 250px) 100vw, 250px\" \/><\/figure><div class=\"wp-block-media-text__content\">\n<p class=\"has-pale-cyan-blue-background-color has-background\">Alexis Pertsov<br><br>membre de Babylon Discus Disc Golf, 94<br><\/p>\n<\/div><\/div>\n\n\n\n<p><\/p>\n\n\n\n<h2 class=\"wp-block-heading\">Les commissions<\/h2>\n\n\n\n<p><\/p>\n\n\n\n<h4 class=\"wp-block-heading\"><em>Commission Ultimate F\u00e9minin<\/em><\/h4>\n\n\n\n<p><\/p>\n\n\n\n<div class=\"wp-block-media-text alignwide is-stacked-on-mobile\" style=\"grid-template-columns:15% auto\"><figure class=\"wp-block-media-text__media\"><img loading=\"lazy\" decoding=\"async\" width=\"1024\" height=\"1024\" src=\"http:\/\/lfdidf.fr\/wp-content\/uploads\/2023\/10\/emma-1024x1024.jpg\" alt=\"\" class=\"wp-image-971 size-full\"\/><\/figure><div class=\"wp-block-media-text__content\">\n<p>Emma H\u00e9rouard<br>Responsable<br>Membre de Disc Lexiq&rsquo;<br><a href=\"mailto:commission.feminine@lfdidf.fr\">&nbsp;commission.feminine@lfdidf.fr<\/a><\/p>\n<\/div><\/div>\n\n\n\n<p><\/p>\n\n\n\n<div class=\"wp-block-media-text alignwide is-stacked-on-mobile\" style=\"grid-template-columns:15% auto\"><figure class=\"wp-block-media-text__media\"><img loading=\"lazy\" decoding=\"async\" width=\"250\" height=\"274\" src=\"http:\/\/lfdidf.fr\/wp-content\/uploads\/2021\/10\/unnamed-1.jpg\" alt=\"\" class=\"wp-image-92 size-full\" srcset=\"https:\/\/lfdidf.fr\/wp-content\/uploads\/2021\/10\/unnamed-1.jpg 250w, https:\/\/lfdidf.fr\/wp-content\/uploads\/2021\/10\/unnamed-1-117x128.jpg 117w, https:\/\/lfdidf.fr\/wp-content\/uploads\/2021\/10\/unnamed-1-29x32.jpg 29w\" sizes=\"auto, (max-width: 250px) 100vw, 250px\" \/><\/figure><div class=\"wp-block-media-text__content\">\n<p>Olivier H\u00e9rouard<\/p>\n<\/div><\/div>\n\n\n\n<p><\/p>\n\n\n\n<h4 class=\"wp-block-heading\"><em>Commission Ultimate Juniors<\/em><\/h4>\n\n\n\n<p><\/p>\n\n\n\n<div class=\"wp-block-media-text alignwide is-stacked-on-mobile\" style=\"grid-template-columns:15% auto\"><figure class=\"wp-block-media-text__media\"><img loading=\"lazy\" decoding=\"async\" width=\"112\" height=\"150\" src=\"http:\/\/lfdidf.fr\/wp-content\/uploads\/2021\/10\/cyrille-1.png\" alt=\"\" class=\"wp-image-90 size-full\" srcset=\"https:\/\/lfdidf.fr\/wp-content\/uploads\/2021\/10\/cyrille-1.png 112w, https:\/\/lfdidf.fr\/wp-content\/uploads\/2021\/10\/cyrille-1-96x128.png 96w, https:\/\/lfdidf.fr\/wp-content\/uploads\/2021\/10\/cyrille-1-24x32.png 24w\" sizes=\"auto, (max-width: 112px) 100vw, 112px\" \/><\/figure><div class=\"wp-block-media-text__content\">\n<p>Cyrille Perez<br>Responsable<br>Vice-Pr\u00e9sident du <em>Tsunami du Loing<\/em>, Nemours<br><a href=\"mailto:jeunes@lfdidf.fr\">&nbsp;jeunes@lfdidf.fr<\/a>  <\/p>\n<\/div><\/div>\n\n\n\n<p><\/p>\n\n\n\n<p><\/p>\n\n\n\n<div class=\"wp-block-media-text alignwide is-stacked-on-mobile has-background\" style=\"background-color:#c3e1f3;grid-template-columns:15% auto\"><figure class=\"wp-block-media-text__media\"><img loading=\"lazy\" decoding=\"async\" width=\"280\" height=\"391\" src=\"http:\/\/lfdidf.fr\/wp-content\/uploads\/2021\/11\/44140259_10155495287861582_9176959825685250048_n-1.jpg\" alt=\"\" class=\"wp-image-459 size-full\" srcset=\"https:\/\/lfdidf.fr\/wp-content\/uploads\/2021\/11\/44140259_10155495287861582_9176959825685250048_n-1.jpg 280w, https:\/\/lfdidf.fr\/wp-content\/uploads\/2021\/11\/44140259_10155495287861582_9176959825685250048_n-1-215x300.jpg 215w, https:\/\/lfdidf.fr\/wp-content\/uploads\/2021\/11\/44140259_10155495287861582_9176959825685250048_n-1-92x128.jpg 92w, https:\/\/lfdidf.fr\/wp-content\/uploads\/2021\/11\/44140259_10155495287861582_9176959825685250048_n-1-23x32.jpg 23w\" sizes=\"auto, (max-width: 280px) 100vw, 280px\" \/><\/figure><div class=\"wp-block-media-text__content\">\n<p>R\u00e9gis Brouard<\/p>\n<\/div><\/div>\n\n\n\n<p><\/p>\n\n\n\n<p><\/p>\n\n\n\n<h4 class=\"wp-block-heading\"><em>Commission Ultimate Open<\/em><\/h4>\n\n\n\n<p><\/p>\n\n\n\n<div class=\"wp-block-media-text alignwide is-stacked-on-mobile\" style=\"grid-template-columns:15% auto\"><figure class=\"wp-block-media-text__media\"><img loading=\"lazy\" decoding=\"async\" width=\"250\" height=\"274\" src=\"http:\/\/lfdidf.fr\/wp-content\/uploads\/2021\/10\/unnamed-1.jpg\" alt=\"\" class=\"wp-image-92 size-full\" srcset=\"https:\/\/lfdidf.fr\/wp-content\/uploads\/2021\/10\/unnamed-1.jpg 250w, https:\/\/lfdidf.fr\/wp-content\/uploads\/2021\/10\/unnamed-1-117x128.jpg 117w, https:\/\/lfdidf.fr\/wp-content\/uploads\/2021\/10\/unnamed-1-29x32.jpg 29w\" sizes=\"auto, (max-width: 250px) 100vw, 250px\" \/><\/figure><div class=\"wp-block-media-text__content\">\n<p>Olivier H\u00e9rouard<br>Directeur Technique R\u00e9gional Ultimate (DTR)<br>Salamander, Courtry<br><a href=\"mailto:dtr@lfdidf.fr\">&nbsp;dtr@lfdidf.fr<\/a> <\/p>\n<\/div><\/div>\n\n\n\n<p><\/p>\n\n\n\n<div class=\"wp-block-media-text alignwide is-stacked-on-mobile has-background\" style=\"background-color:#c3e1f3;grid-template-columns:15% auto\"><figure class=\"wp-block-media-text__media\"><img loading=\"lazy\" decoding=\"async\" width=\"280\" height=\"391\" src=\"http:\/\/lfdidf.fr\/wp-content\/uploads\/2021\/11\/44140259_10155495287861582_9176959825685250048_n-1.jpg\" alt=\"\" class=\"wp-image-459 size-full\" srcset=\"https:\/\/lfdidf.fr\/wp-content\/uploads\/2021\/11\/44140259_10155495287861582_9176959825685250048_n-1.jpg 280w, https:\/\/lfdidf.fr\/wp-content\/uploads\/2021\/11\/44140259_10155495287861582_9176959825685250048_n-1-215x300.jpg 215w, https:\/\/lfdidf.fr\/wp-content\/uploads\/2021\/11\/44140259_10155495287861582_9176959825685250048_n-1-92x128.jpg 92w, https:\/\/lfdidf.fr\/wp-content\/uploads\/2021\/11\/44140259_10155495287861582_9176959825685250048_n-1-23x32.jpg 23w\" sizes=\"auto, (max-width: 280px) 100vw, 280px\" \/><\/figure><div class=\"wp-block-media-text__content\">\n<p>R\u00e9gis Brouard<\/p>\n<\/div><\/div>\n\n\n\n<p><\/p>\n\n\n\n<h4 class=\"wp-block-heading\"><em>Commission Disc Golf<\/em><\/h4>\n\n\n\n<div class=\"wp-block-media-text alignwide is-stacked-on-mobile\" style=\"grid-template-columns:15% auto\"><figure class=\"wp-block-media-text__media\"><img loading=\"lazy\" decoding=\"async\" width=\"250\" height=\"274\" src=\"http:\/\/lfdidf.fr\/wp-content\/uploads\/2021\/10\/unnamed-1.jpg\" alt=\"\" class=\"wp-image-92 size-full\" srcset=\"https:\/\/lfdidf.fr\/wp-content\/uploads\/2021\/10\/unnamed-1.jpg 250w, https:\/\/lfdidf.fr\/wp-content\/uploads\/2021\/10\/unnamed-1-117x128.jpg 117w, https:\/\/lfdidf.fr\/wp-content\/uploads\/2021\/10\/unnamed-1-29x32.jpg 29w\" sizes=\"auto, (max-width: 250px) 100vw, 250px\" \/><\/figure><div class=\"wp-block-media-text__content\">\n<p class=\"has-pale-cyan-blue-background-color has-background\">Alexis Pertsov<br><br>membre de Babylon Discus Disc Golf, 94<br><\/p>\n<\/div><\/div>\n\n\n\n<p><\/p>\n\n\n\n<div class=\"wp-block-media-text alignwide is-stacked-on-mobile\" style=\"grid-template-columns:16% auto\"><figure class=\"wp-block-media-text__media\"><img loading=\"lazy\" decoding=\"async\" width=\"193\" height=\"280\" src=\"http:\/\/lfdidf.fr\/wp-content\/uploads\/2021\/10\/WhatsApp-Image-2021-10-16-at-13.29.53.jpeg\" alt=\"\" class=\"wp-image-414 size-full\" srcset=\"https:\/\/lfdidf.fr\/wp-content\/uploads\/2021\/10\/WhatsApp-Image-2021-10-16-at-13.29.53.jpeg 193w, https:\/\/lfdidf.fr\/wp-content\/uploads\/2021\/10\/WhatsApp-Image-2021-10-16-at-13.29.53-88x128.jpeg 88w, https:\/\/lfdidf.fr\/wp-content\/uploads\/2021\/10\/WhatsApp-Image-2021-10-16-at-13.29.53-22x32.jpeg 22w\" sizes=\"auto, (max-width: 193px) 100vw, 193px\" \/><\/figure><div class=\"wp-block-media-text__content\">\n<p>Thomas Wiart<br>Membre de <em>Disc Golf Vibration<\/em>, Cergy<br><a href=\"mailto:disc-golf@lfdidf.fr\">&nbsp;disc-golf@lfdidf.fr<\/a><\/p>\n<\/div><\/div>\n","protected":false},"excerpt":{"rendered":"<p>Le comit\u00e9 directeur R\u00e9gis BrouardPr\u00e9sident par int\u00e9rimmembre des Tsunami du Loing, 77president@lfdidf.fr Benjamin BourdonVice-Pr\u00e9sidentMembre des R\u00e9vos, 75 Cassandra Rich\u00e9Tr\u00e9sori\u00e8reMembre des Hot, 78&nbsp;tresoriere@lfdidf.fr Benjamin BourdonTr\u00e9sorier adjointMembre des R\u00e9vos, 75tresorier@lfdidf.fr Olga TokarevaSecr\u00e9taireMembre de Babylon Discus Disc Golf, 94&nbsp;secretaire@lfdidf.fr R\u00e9gis BrouardSecr\u00e9taire adjointmembre des Tsunami du Loing, 77secretaire-adjoint@lfdidf.fr Olivier H\u00e9rouardDirecteur Technique R\u00e9gional Ultimate (DTR)Salamanders, Courtry 77&nbsp;dtr@lfdidf.fr Olivier Thuillier membre [&hellip;]<\/p>\n","protected":false},"author":1,"featured_media":0,"parent":0,"menu_order":0,"comment_status":"closed","ping_status":"closed","template":"","meta":{"footnotes":""},"class_list":["post-287","page","type-page","status-publish","hentry"],"_links":{"self":[{"href":"https:\/\/lfdidf.fr\/index.php\/wp-json\/wp\/v2\/pages\/287","targetHints":{"allow":["GET"]}}],"collection":[{"href":"https:\/\/lfdidf.fr\/index.php\/wp-json\/wp\/v2\/pages"}],"about":[{"href":"https:\/\/lfdidf.fr\/index.php\/wp-json\/wp\/v2\/types\/page"}],"author":[{"embeddable":true,"href":"https:\/\/lfdidf.fr\/index.php\/wp-json\/wp\/v2\/users\/1"}],"replies":[{"embeddable":true,"href":"https:\/\/lfdidf.fr\/index.php\/wp-json\/wp\/v2\/comments?post=287"}],"version-history":[{"count":24,"href":"https:\/\/lfdidf.fr\/index.php\/wp-json\/wp\/v2\/pages\/287\/revisions"}],"predecessor-version":[{"id":1647,"href":"https:\/\/lfdidf.fr\/index.php\/wp-json\/wp\/v2\/pages\/287\/revisions\/1647"}],"wp:attachment":[{"href":"https:\/\/lfdidf.fr\/index.php\/wp-json\/wp\/v2\/media?parent=287"}],"curies":[{"name":"wp","href":"https:\/\/api.w.org\/{rel}","templated":true}]}}