{"id":5,"date":"2021-10-12T12:21:03","date_gmt":"2021-10-12T10:21:03","guid":{"rendered":"http:\/\/lfdidf.fr\/?page_id=5"},"modified":"2021-10-12T15:18:37","modified_gmt":"2021-10-12T13:18:37","slug":"accueil","status":"publish","type":"page","link":"https:\/\/lfdidf.fr\/index.php\/accueil\/","title":{"rendered":"Accueil"},"content":{"rendered":"\n<figure class=\"wp-block-image size-full\"><img loading=\"lazy\" decoding=\"async\" width=\"842\" height=\"595\" src=\"http:\/\/lfdidf.fr\/wp-content\/uploads\/2021\/10\/LFDIDF-Vdef.png\" alt=\"\" class=\"wp-image-8\" srcset=\"https:\/\/lfdidf.fr\/wp-content\/uploads\/2021\/10\/LFDIDF-Vdef.png 842w, https:\/\/lfdidf.fr\/wp-content\/uploads\/2021\/10\/LFDIDF-Vdef-300x212.png 300w, https:\/\/lfdidf.fr\/wp-content\/uploads\/2021\/10\/LFDIDF-Vdef-768x543.png 768w\" sizes=\"auto, (max-width: 842px) 100vw, 842px\" \/><\/figure>\n\n\n\n<p>La ligue est le lien entre tous les clubs de la r\u00e9gion parisienne et la FFFD, la F\u00e9d\u00e9ration Fran\u00e7aise de Flying Disc. Nous comptons plus d&rsquo;un millier de licenci\u00e9 francilien r\u00e9parti dans 18 clubs affili\u00e9s \u00e0 la FFFD.<\/p>\n\n\n\n<hr class=\"wp-block-separator major\"\/>\n\n\n\n<h2 class=\"wp-block-heading\">Les r\u00f4les de la ligue<\/h2>\n\n\n\n<p>La ligue a pour objectif principal le d\u00e9veloppement du Flying Disc en \u00eele de France. Pour cela, elle m\u00e8ne plusieurs actions :<\/p>\n\n\n\n<div>\n<ul>\n<li>D\u00e9veloppement du f\u00e9minin avec la commission f\u00e9minine<\/li>\n<li>D\u00e9veloppement des juniors avec la commission jeune<\/li>\n<li>Participation \u00e0 des animations pour faire d\u00e9couvrir nos activit\u00e9s aux habitants d\u2019\u00eele de France<\/li>\n<\/ul>\n<\/div>\n\n\n\n<p>Les missions sont \u00e9galement :<\/p>\n\n\n\n<div>\n<ul>\n<li>Gestion des championnats r\u00e9gionaux d\u2019ultimate et de disc golf<\/li>\n<li>Organisation de stage de formations d\u2019entra\u00eeneur, sant\u00e9, directeur de Tournoi<\/li>\n<li>Aider les clubs \u00e0 l\u2019organisation d\u2019\u00e9v\u00e9nements<\/li>\n<\/ul>\n<\/div>\n\n\n\n<hr class=\"wp-block-separator major\"\/>\n\n\n\n<h2 class=\"wp-block-heading\">Les moyens de la ligue<\/h2>\n\n\n\n<p><em>Les moyens financiers<\/em><\/p>\n\n\n\n<div>Ils proviennent actuellement\n<p>&nbsp;<\/p>\n<ul>\n<li>int\u00e9gralement de subventions obtenues par la FFDF<\/li>\n<li>des demandes sont en cours aupr\u00e8s de la r\u00e9gion et du CNDS<\/li>\n<\/ul>\n<\/div>\n\n\n\n<p>Les moyens humains<\/p>\n\n\n\n<div>\n<ul>\n<li>Actuellement ne sont que les 9 membres du comit\u00e9 directeur et 2 ou 3 personnes ressources par commission.<\/li>\n<\/ul>\n<\/div>\n\n\n\n<hr class=\"wp-block-separator major\"\/>\n\n\n\n<h2 class=\"wp-block-heading\">Les besoins de la ligue<\/h2>\n\n\n\n<p>La ligue a besoin de b\u00e9n\u00e9voles pour r\u00e9aliser toutes les missions dont elle a la charge ! Si vous souhaitez vous investir, nous serions plus qu\u2019heureux de vous accueillir parmi nous. Beaucoup d\u2019actions ne sont pas encore men\u00e9es par manque de b\u00e9n\u00e9vole (site internet, recherche partenariat, cr\u00e9ation disque de la ligue, \u2026)<\/p>\n","protected":false},"excerpt":{"rendered":"<p>La ligue est le lien entre tous les clubs de la r\u00e9gion parisienne et la FFFD, la F\u00e9d\u00e9ration Fran\u00e7aise de Flying Disc. Nous comptons plus d&rsquo;un millier de licenci\u00e9 francilien r\u00e9parti dans 18 clubs affili\u00e9s \u00e0 la FFFD. Les r\u00f4les de la ligue La ligue a pour objectif principal le d\u00e9veloppement du Flying Disc en [&hellip;]<\/p>\n","protected":false},"author":1,"featured_media":0,"parent":0,"menu_order":0,"comment_status":"closed","ping_status":"closed","template":"template-homepage.php","meta":{"footnotes":""},"class_list":["post-5","page","type-page","status-publish","hentry"],"_links":{"self":[{"href":"https:\/\/lfdidf.fr\/index.php\/wp-json\/wp\/v2\/pages\/5","targetHints":{"allow":["GET"]}}],"collection":[{"href":"https:\/\/lfdidf.fr\/index.php\/wp-json\/wp\/v2\/pages"}],"about":[{"href":"https:\/\/lfdidf.fr\/index.php\/wp-json\/wp\/v2\/types\/page"}],"author":[{"embeddable":true,"href":"https:\/\/lfdidf.fr\/index.php\/wp-json\/wp\/v2\/users\/1"}],"replies":[{"embeddable":true,"href":"https:\/\/lfdidf.fr\/index.php\/wp-json\/wp\/v2\/comments?post=5"}],"version-history":[{"count":3,"href":"https:\/\/lfdidf.fr\/index.php\/wp-json\/wp\/v2\/pages\/5\/revisions"}],"predecessor-version":[{"id":102,"href":"https:\/\/lfdidf.fr\/index.php\/wp-json\/wp\/v2\/pages\/5\/revisions\/102"}],"wp:attachment":[{"href":"https:\/\/lfdidf.fr\/index.php\/wp-json\/wp\/v2\/media?parent=5"}],"curies":[{"name":"wp","href":"https:\/\/api.w.org\/{rel}","templated":true}]}}