{"id":626,"date":"2022-10-10T15:09:31","date_gmt":"2022-10-10T13:09:31","guid":{"rendered":"http:\/\/lfdidf.fr\/?page_id=626"},"modified":"2023-06-06T10:53:45","modified_gmt":"2023-06-06T08:53:45","slug":"open","status":"publish","type":"page","link":"https:\/\/lfdidf.fr\/index.php\/resultats\/ultimate\/ulti-2022-2023\/open\/","title":{"rendered":"Open 2022-2023"},"content":{"rendered":"\n<h2 class=\"wp-block-heading\">INDOOR<\/h2>\n\n\n\n<p><a href=\"http:\/\/lfdidf.fr\/index.php\/table\/championnat-regional-elite-indoor-open-2022-2023\/\">Championnat R\u00e9gional Elite Indoor<\/a><\/p>\n\n\n\n<p>Barrage R1 &#8211; R2<\/p>\n\n\n\n<p><a href=\"http:\/\/lfdidf.fr\/index.php\/table\/championnat-regional-2-indoor-open-2022-2023\/\">Championnat R\u00e9gional 2 Indoor<\/a><\/p>\n\n\n\n<p><a href=\"http:\/\/lfdidf.fr\/index.php\/table\/championnat-regional-3-indoor-open-2022-2023\/\">Championnat R\u00e9gional 3 Indoor<\/a><\/p>\n\n\n\n<h2 class=\"wp-block-heading\">OUTDOOR<\/h2>\n\n\n\n<p><a href=\"http:\/\/lfdidf.fr\/index.php\/table\/championnat-regional-open-outdoor-phase-aller-2022-2023\/\">Championnat R\u00e9gional Outdoor Open Phase Aller<\/a><\/p>\n\n\n\n<p><a href=\"http:\/\/lfdidf.fr\/index.php\/table\/championnat-regional-open-outdoor-phase-retour-2022-2023\/\">Championnat R\u00e9gional Outdoor Open Phase Retour<\/a><\/p>\n","protected":false},"excerpt":{"rendered":"<p>INDOOR Championnat R\u00e9gional Elite Indoor Barrage R1 &#8211; R2 Championnat R\u00e9gional 2 Indoor Championnat R\u00e9gional 3 Indoor OUTDOOR Championnat R\u00e9gional Outdoor Open Phase Aller Championnat R\u00e9gional Outdoor Open Phase Retour<\/p>\n","protected":false},"author":3,"featured_media":0,"parent":614,"menu_order":0,"comment_status":"closed","ping_status":"closed","template":"","meta":{"footnotes":""},"class_list":["post-626","page","type-page","status-publish","hentry"],"_links":{"self":[{"href":"https:\/\/lfdidf.fr\/index.php\/wp-json\/wp\/v2\/pages\/626","targetHints":{"allow":["GET"]}}],"collection":[{"href":"https:\/\/lfdidf.fr\/index.php\/wp-json\/wp\/v2\/pages"}],"about":[{"href":"https:\/\/lfdidf.fr\/index.php\/wp-json\/wp\/v2\/types\/page"}],"author":[{"embeddable":true,"href":"https:\/\/lfdidf.fr\/index.php\/wp-json\/wp\/v2\/users\/3"}],"replies":[{"embeddable":true,"href":"https:\/\/lfdidf.fr\/index.php\/wp-json\/wp\/v2\/comments?post=626"}],"version-history":[{"count":11,"href":"https:\/\/lfdidf.fr\/index.php\/wp-json\/wp\/v2\/pages\/626\/revisions"}],"predecessor-version":[{"id":848,"href":"https:\/\/lfdidf.fr\/index.php\/wp-json\/wp\/v2\/pages\/626\/revisions\/848"}],"up":[{"embeddable":true,"href":"https:\/\/lfdidf.fr\/index.php\/wp-json\/wp\/v2\/pages\/614"}],"wp:attachment":[{"href":"https:\/\/lfdidf.fr\/index.php\/wp-json\/wp\/v2\/media?parent=626"}],"curies":[{"name":"wp","href":"https:\/\/api.w.org\/{rel}","templated":true}]}}